{"id":28100,"date":"2024-11-22T12:13:33","date_gmt":"2024-11-22T12:13:33","guid":{"rendered":"http:\/\/bestsolarlight.com\/?post_type=product&#038;p=28100"},"modified":"2025-08-09T12:15:42","modified_gmt":"2025-08-09T12:15:42","slug":"luz-de-rua-solar-led","status":"publish","type":"product","link":"https:\/\/bestsolarlight.com\/pt\/produto\/luz-de-rua-solar-led\/","title":{"rendered":"Luz de rua solar LED"},"content":{"rendered":"<h2 class=\"uabb-heading\">Luz de rua solar LED para casa apagada com bateria Luz de rua de energia solar<\/h2>\n<div class=\"uabb-subheading uabb-text-editor\">\n<ul>\n<li>Artigo de produto: BSL-YGSO37<\/li>\n<li>Categoria\uff1a <a href=\"\/pt\/categoria-produto\/iluminacao-publica-solar-3\/\">Ilumina\u00e7\u00e3o p\u00fablica solar<\/a> \/<a href=\"\/pt\/categoria-produto\/candeeiro-de-rua-solar-tudo-em-um-4\/\">Candeeiros de rua solares All in Two<\/a><\/li>\n<li>Pot\u00eancia de sa\u00edda :8w \/ 10w \/ 12w \/14w<\/li>\n<li>Pot\u00eancia do LED: 100W \/200w \/300w \/400w<\/li>\n<li>Lente dur\u00e1vel em alum\u00ednio fundido e PC (imperador japon\u00eas)<\/li>\n<li>Ilumina\u00e7\u00e3o eficiente em termos energ\u00e9ticos: Chips LED 3030 avan\u00e7ados para um consumo de energia reduzido e custos de funcionamento mais baixos.<\/li>\n<li>Carregamento inteligente P-Mos, liga\u00e7\u00e3o\/desligamento autom\u00e1tico durante o dia e a noite.<\/li>\n<li>Grande \u00e2ngulo luminoso 150*70,25% aumento da \u00e1rea de irradia\u00e7\u00e3o<\/li>\n<li>Classifica\u00e7\u00e3o IP 65 \u00e0 prova de \u00e1gua<\/li>\n<li>3 anos de garantia<\/li>\n<\/ul>\n<p><b>Sistema inteligente de gest\u00e3o de energia, distribui\u00e7\u00e3o autom\u00e1tica de eletricidade <\/b><b>\u00e0 noite<\/b><\/p>\n<\/div>","protected":false},"excerpt":{"rendered":"<ul>\n<li><b>Especifica\u00e7\u00e3o do modelo:<\/b><span style=\"font-weight: 400;\"> Luz de rua solar LED profissional BSSL-LED400<\/span><\/li>\n<li><b>Pot\u00eancia de sa\u00edda:<\/b><span> LED ultra-brilhante de 400 W com controlo inteligente<\/span><\/li>\n<li><b>Painel solar:<\/b><span> Monocristalina de 120 W de qualidade superior com controlo meteorol\u00f3gico<\/span><\/li>\n<li><b>Prote\u00e7\u00e3o contra a entrada:<\/b><span> IP67 - completamente \u00e0 prova de \u00e1gua e de poeiras<\/span><\/li>\n<li><b>Aplica\u00e7\u00e3o de design:<\/b><span> Projectos municipais, auto-estradas, complexos industriais e zonas de tr\u00e1fego intenso<\/span><\/li>\n<\/ul>","protected":false},"featured_media":28104,"comment_status":"open","ping_status":"closed","template":"","meta":{"_acf_changed":false},"product_brand":[],"product_cat":[75,72],"product_tag":[91,90,96,84,93],"class_list":{"0":"post-28100","1":"product","2":"type-product","3":"status-publish","4":"has-post-thumbnail","6":"product_cat-solar-street-light","7":"product_cat-all-in-two-solar-street-lights","8":"product_tag-solar-led-lights","9":"product_tag-solar-lights-for-outdoor","10":"product_tag-solar-street-lamp","11":"product_tag-solar-street-light","12":"product_tag-solar-street-lights","14":"first","15":"instock","16":"sale","17":"shipping-taxable","18":"purchasable","19":"product-type-variable"},"acf":[],"_links":{"self":[{"href":"https:\/\/bestsolarlight.com\/pt\/wp-json\/wp\/v2\/product\/28100","targetHints":{"allow":["GET"]}}],"collection":[{"href":"https:\/\/bestsolarlight.com\/pt\/wp-json\/wp\/v2\/product"}],"about":[{"href":"https:\/\/bestsolarlight.com\/pt\/wp-json\/wp\/v2\/types\/product"}],"replies":[{"embeddable":true,"href":"https:\/\/bestsolarlight.com\/pt\/wp-json\/wp\/v2\/comments?post=28100"}],"version-history":[{"count":0,"href":"https:\/\/bestsolarlight.com\/pt\/wp-json\/wp\/v2\/product\/28100\/revisions"}],"wp:featuredmedia":[{"embeddable":true,"href":"https:\/\/bestsolarlight.com\/pt\/wp-json\/wp\/v2\/media\/28104"}],"wp:attachment":[{"href":"https:\/\/bestsolarlight.com\/pt\/wp-json\/wp\/v2\/media?parent=28100"}],"wp:term":[{"taxonomy":"product_brand","embeddable":true,"href":"https:\/\/bestsolarlight.com\/pt\/wp-json\/wp\/v2\/product_brand?post=28100"},{"taxonomy":"product_cat","embeddable":true,"href":"https:\/\/bestsolarlight.com\/pt\/wp-json\/wp\/v2\/product_cat?post=28100"},{"taxonomy":"product_tag","embeddable":true,"href":"https:\/\/bestsolarlight.com\/pt\/wp-json\/wp\/v2\/product_tag?post=28100"}],"curies":[{"name":"wp","href":"https:\/\/api.w.org\/{rel}","templated":true}]}}