{"id":28035,"date":"2024-11-21T13:56:25","date_gmt":"2024-11-21T13:56:25","guid":{"rendered":"http:\/\/bestsolarlight.com\/?post_type=product&#038;p=28035"},"modified":"2025-07-31T23:47:50","modified_gmt":"2025-07-31T23:47:50","slug":"iluminacao-publica-com-energia-solar-3","status":"publish","type":"product","link":"https:\/\/bestsolarlight.com\/pt\/produto\/iluminacao-publica-com-energia-solar-3\/","title":{"rendered":"Candeeiros de rua alimentados a energia solar"},"content":{"rendered":"<div data-elementor-type=\"product-post\" data-elementor-id=\"28035\" class=\"elementor elementor-28035\" data-elementor-post-type=\"product\">\n\t\t\t\t<div class=\"elementor-element elementor-element-22c8bcfd e-flex e-con-boxed e-con e-parent\" data-id=\"22c8bcfd\" data-element_type=\"container\" data-settings=\"{&quot;ekit_has_onepagescroll_dot&quot;:&quot;yes&quot;}\">\n\t\t\t\t\t<div class=\"e-con-inner\">\n\t\t\t\t<div class=\"elementor-element elementor-element-175d7b47 color-scheme-inherit text-left elementor-widget elementor-widget-text-editor\" data-id=\"175d7b47\" data-element_type=\"widget\" data-settings=\"{&quot;ekit_we_effect_on&quot;:&quot;none&quot;}\" data-widget_type=\"text-editor.default\">\n\t\t\t\t<div class=\"elementor-widget-container\">\n\t\t\t\t\t\t\t\t\t<h2 class=\"uabb-heading\">Luzes de rua movidas a energia solar e \u00e0 prova de apag\u00f5es Ilumina\u00e7\u00e3o cont\u00ednua<\/h2><div class=\"uabb-subheading uabb-text-editor\"><ul><li>Artigo de produto: BSL-YGSO23<\/li><li>Categoria\uff1a <a href=\"\/pt\/categoria-produto\/iluminacao-publica-solar-3\/\">Ilumina\u00e7\u00e3o p\u00fablica solar<\/a> \/<a href=\"\/pt\/categoria-produto\/candeeiro-de-rua-solar-tudo-em-um-4\/\">Candeeiros de rua solares All in Two<\/a><\/li><li>Pot\u00eancia de sa\u00edda :300w 400w 500w 600w<\/li><li>Altura do poste: 5 metros, pode usar um poste de at\u00e9 8 metros. Pode ser personalizado<\/li><li>Componentes de alta qualidade: Alum\u00ednio fundido e lente PMMA para um desempenho \u00f3timo.<\/li><li>Poste resistente \u00e0 corros\u00e3o: Poste de a\u00e7o galvanizado por imers\u00e3o a quente e jato de areia para uma durabilidade superior<\/li><li>Ilumina\u00e7\u00e3o eficiente em termos energ\u00e9ticos: Chips LED 3030 avan\u00e7ados para um consumo de energia reduzido e custos de funcionamento mais baixos.<\/li><li>O controlador MPPT, pode manter a mesma ilumina\u00e7\u00e3o durante toda a noite, tamb\u00e9m liga automaticamente \u00e0 noite e desliga durante o dia<\/li><li>Classifica\u00e7\u00e3o IP 65 \u00e0 prova de \u00e1gua<\/li><li>3 anos de garantia<\/li><li>Dur\u00e1vel e fi\u00e1vel: Constru\u00eddo para durar 7-10 anos de utiliza\u00e7\u00e3o<\/li><\/ul><p class=\"uabb-heading\"><strong>Com poste de 5 metros de altura, esta luz de rua movida a energia solar pode ser usada em muitos lugares.<\/strong><\/p><\/div>\t\t\t\t\t\t\t\t<\/div>\n\t\t\t\t<\/div>\n\t\t\t\t\t<\/div>\n\t\t\t\t<\/div>\n\t\t\t\t<\/div>","protected":false},"excerpt":{"rendered":"<ul>\n<li style=\"font-weight: 400;\" aria-level=\"1\"><b>Modelo: <\/b><span style=\"font-weight: 400;\">BSL-SPL9035<\/span><\/li>\n<li><b>Revestimento: <\/b><span style=\"font-weight: 400;\">Painel solar monocristalino de alta pot\u00eancia<\/span><\/li>\n<li><b>Pot\u00eancia de sa\u00edda: <\/b><span style=\"font-weight: 400;\">LED 120W de alto brilho e baixo consumo de energia\u00a0<\/span><\/li>\n<li><b>Tipo de bateria: <\/b><span style=\"font-weight: 400;\">Fosfato de ferro-l\u00edtio de 3,2V, 30AH<\/span><\/li>\n<li><b>Dura\u00e7\u00e3o da bateria:<\/b><span style=\"font-weight: 400;\"> 6-8 horas ao sol<\/span><\/li>\n<li><b>Sensor: <\/b><span style=\"font-weight: 400;\">Controlo de regula\u00e7\u00e3o de fluxo luminoso inteligente PIR sensor de movimento inteligente<\/span><\/li>\n<li><b>Classifica\u00e7\u00e3o: <\/b><span style=\"font-weight: 400;\">Design \u00e0 prova de intemp\u00e9ries IP65 - resistente ao exterior<\/span><\/li>\n<li><b>Certifica\u00e7\u00e3o: <\/b><span style=\"font-weight: 400;\">CE, ROHS <\/span><\/li>\n<\/ul>","protected":false},"featured_media":28037,"comment_status":"open","ping_status":"closed","template":"","meta":{"_acf_changed":false},"product_brand":[],"product_cat":[75,72],"product_tag":[91,90,96,84,93],"class_list":{"0":"post-28035","1":"product","2":"type-product","3":"status-publish","4":"has-post-thumbnail","6":"product_cat-solar-street-light","7":"product_cat-all-in-two-solar-street-lights","8":"product_tag-solar-led-lights","9":"product_tag-solar-lights-for-outdoor","10":"product_tag-solar-street-lamp","11":"product_tag-solar-street-light","12":"product_tag-solar-street-lights","14":"first","15":"instock","16":"sale","17":"shipping-taxable","18":"purchasable","19":"product-type-variable"},"acf":[],"_links":{"self":[{"href":"https:\/\/bestsolarlight.com\/pt\/wp-json\/wp\/v2\/product\/28035","targetHints":{"allow":["GET"]}}],"collection":[{"href":"https:\/\/bestsolarlight.com\/pt\/wp-json\/wp\/v2\/product"}],"about":[{"href":"https:\/\/bestsolarlight.com\/pt\/wp-json\/wp\/v2\/types\/product"}],"replies":[{"embeddable":true,"href":"https:\/\/bestsolarlight.com\/pt\/wp-json\/wp\/v2\/comments?post=28035"}],"version-history":[{"count":0,"href":"https:\/\/bestsolarlight.com\/pt\/wp-json\/wp\/v2\/product\/28035\/revisions"}],"wp:featuredmedia":[{"embeddable":true,"href":"https:\/\/bestsolarlight.com\/pt\/wp-json\/wp\/v2\/media\/28037"}],"wp:attachment":[{"href":"https:\/\/bestsolarlight.com\/pt\/wp-json\/wp\/v2\/media?parent=28035"}],"wp:term":[{"taxonomy":"product_brand","embeddable":true,"href":"https:\/\/bestsolarlight.com\/pt\/wp-json\/wp\/v2\/product_brand?post=28035"},{"taxonomy":"product_cat","embeddable":true,"href":"https:\/\/bestsolarlight.com\/pt\/wp-json\/wp\/v2\/product_cat?post=28035"},{"taxonomy":"product_tag","embeddable":true,"href":"https:\/\/bestsolarlight.com\/pt\/wp-json\/wp\/v2\/product_tag?post=28035"}],"curies":[{"name":"wp","href":"https:\/\/api.w.org\/{rel}","templated":true}]}}