{"id":27925,"date":"2024-11-21T03:58:22","date_gmt":"2024-11-21T03:58:22","guid":{"rendered":"http:\/\/bestsolarlight.com\/?post_type=product&#038;p=27925"},"modified":"2025-09-24T10:06:11","modified_gmt":"2025-09-24T10:06:11","slug":"candeeiro-de-rua-solar-tudo-em-um","status":"publish","type":"product","link":"https:\/\/bestsolarlight.com\/pt\/produto\/candeeiro-de-rua-solar-tudo-em-um\/","title":{"rendered":"Luz de rua solar LED tudo-em-um"},"content":{"rendered":"<h2 class=\"uabb-heading\">2024 Novo design tudo em um luz de rua solar LED Luzes de estrada<\/h2>\n<div class=\"uabb-subheading uabb-text-editor\">\n<ul>\n<li>Products Item: BSL-YGSO326<\/li>\n<li>Categoria\uff1a <a href=\"\/pt\/categoria-produto\/iluminacao-publica-solar-3\/\">Ilumina\u00e7\u00e3o p\u00fablica solar<\/a> \/<a href=\"\/pt\/categoria-produto\/candeeiro-de-rua-solar-tudo-em-um-4\/\">Candeeiros de rua solares All in One<\/a><\/li>\n<li>Watt:500W 600w 700w\u00a0 \u00a0Total 3 power can be choosed<\/li>\n<li>Built to Last: Sturdy die-cast aluminum housing and UV-resistant PMMA lens.<\/li>\n<li>Powerful Illumination: High-efficiency LED chips (200-210 lm\/W) for bright, energy-efficient light<\/li>\n<li>Lamp Angle :105<\/li>\n<li>Optimized Light Distribution: Type II (145*70)\u00a0 light distribution pattern for efficient light utilization.<\/li>\n<li>Reliable and Long-lasting: Designed for 7-10 years of dependable service<\/li>\n<\/ul>\n<p class=\"uabb-heading\"><strong>With a maximum luminous flux of 14000LM, this product is ideal for large-scale projects like municipal engineering that demand high levels of brightness<\/strong><\/p>\n<\/div>","protected":false},"excerpt":{"rendered":"<ul>\n<li>\n<ul>\n<li>Products Item: BSL-YGSO326<\/li>\n<li>Categoria\uff1a <a href=\"\/pt\/categoria-produto\/iluminacao-publica-solar-3\/\">Ilumina\u00e7\u00e3o p\u00fablica solar<\/a> \/<a href=\"\/pt\/categoria-produto\/candeeiro-de-rua-solar-tudo-em-um-4\/\">Candeeiros de rua solares All in One<\/a><\/li>\n<li>Watt:500W 600w 700w\u00a0 \u00a0Total 3 power can be choosed<\/li>\n<li>Built to Last: Sturdy die-cast aluminum housing and UV-resistant PMMA lens.<\/li>\n<li>Powerful Illumination: High-efficiency LED chips (200-210 lm\/W) for bright, energy-efficient light<\/li>\n<li>Lamp Angle :105<\/li>\n<li>Optimized Light Distribution: Type II (145*70)\u00a0 light distribution pattern for efficient light utilization.<\/li>\n<li>Reliable and Long-lasting: Designed for 7-10 years of dependable service<\/li>\n<\/ul>\n<p class=\"uabb-heading\"><strong>With a maximum luminous flux of 14000LM, this product is ideal for large-scale projects like municipal engineering that demand high levels of brightness<\/strong><\/p>\n<\/li>\n<\/ul>","protected":false},"featured_media":27932,"comment_status":"open","ping_status":"closed","template":"","meta":{"_acf_changed":false},"product_brand":[],"product_cat":[75,71],"product_tag":[91,90,96,84,93],"class_list":{"0":"post-27925","1":"product","2":"type-product","3":"status-publish","4":"has-post-thumbnail","6":"product_cat-solar-street-light","7":"product_cat-all-in-one-solar-street-light","8":"product_tag-solar-led-lights","9":"product_tag-solar-lights-for-outdoor","10":"product_tag-solar-street-lamp","11":"product_tag-solar-street-light","12":"product_tag-solar-street-lights","14":"first","15":"instock","16":"sale","17":"shipping-taxable","18":"purchasable","19":"product-type-variable","20":"has-default-attributes"},"acf":[],"_links":{"self":[{"href":"https:\/\/bestsolarlight.com\/pt\/wp-json\/wp\/v2\/product\/27925","targetHints":{"allow":["GET"]}}],"collection":[{"href":"https:\/\/bestsolarlight.com\/pt\/wp-json\/wp\/v2\/product"}],"about":[{"href":"https:\/\/bestsolarlight.com\/pt\/wp-json\/wp\/v2\/types\/product"}],"replies":[{"embeddable":true,"href":"https:\/\/bestsolarlight.com\/pt\/wp-json\/wp\/v2\/comments?post=27925"}],"version-history":[{"count":0,"href":"https:\/\/bestsolarlight.com\/pt\/wp-json\/wp\/v2\/product\/27925\/revisions"}],"wp:featuredmedia":[{"embeddable":true,"href":"https:\/\/bestsolarlight.com\/pt\/wp-json\/wp\/v2\/media\/27932"}],"wp:attachment":[{"href":"https:\/\/bestsolarlight.com\/pt\/wp-json\/wp\/v2\/media?parent=27925"}],"wp:term":[{"taxonomy":"product_brand","embeddable":true,"href":"https:\/\/bestsolarlight.com\/pt\/wp-json\/wp\/v2\/product_brand?post=27925"},{"taxonomy":"product_cat","embeddable":true,"href":"https:\/\/bestsolarlight.com\/pt\/wp-json\/wp\/v2\/product_cat?post=27925"},{"taxonomy":"product_tag","embeddable":true,"href":"https:\/\/bestsolarlight.com\/pt\/wp-json\/wp\/v2\/product_tag?post=27925"}],"curies":[{"name":"wp","href":"https:\/\/api.w.org\/{rel}","templated":true}]}}