{"id":9,"date":"2024-11-18T11:51:49","date_gmt":"2024-11-18T11:51:49","guid":{"rendered":"http:\/\/bestsolarlight.com\/?page_id=9"},"modified":"2025-07-07T12:45:19","modified_gmt":"2025-07-07T12:45:19","slug":"devolucoes-de-reembolsos","status":"publish","type":"page","link":"https:\/\/bestsolarlight.com\/pt\/devolucoes-de-reembolsos\/","title":{"rendered":"Pol\u00edtica de reembolso e devolu\u00e7\u00e3o"},"content":{"rendered":"<div data-elementor-type=\"wp-page\" data-elementor-id=\"9\" class=\"elementor elementor-9\" data-elementor-post-type=\"page\">\n\t\t\t\t<div class=\"elementor-element elementor-element-2b9e0716 e-flex e-con-boxed e-con e-parent\" data-id=\"2b9e0716\" data-element_type=\"container\" data-settings=\"{&quot;ekit_has_onepagescroll_dot&quot;:&quot;yes&quot;}\">\n\t\t\t\t\t<div class=\"e-con-inner\">\n\t\t\t\t<div class=\"elementor-element elementor-element-26b63d10 color-scheme-inherit text-left elementor-widget elementor-widget-text-editor\" data-id=\"26b63d10\" data-element_type=\"widget\" data-settings=\"{&quot;ekit_we_effect_on&quot;:&quot;none&quot;}\" data-widget_type=\"text-editor.default\">\n\t\t\t\t<div class=\"elementor-widget-container\">\n\t\t\t\t\t\t\t\t\t<p><b>Esta \u00e9 uma p\u00e1gina de exemplo para explicar o reembolso e as devolu\u00e7\u00f5es da amostra.<\/b><\/p>\n<p><!-- \/wp:paragraph --><!-- wp:heading --><\/p>\n<h1>Vis\u00e3o geral<\/h1>\n<p><!-- \/wp:heading --><!-- wp:paragraph --><\/p>\n<p>As amostras personalizadas n\u00e3o podem ser devolvidas nem trocadas, exceto nos casos em que existam defeitos funcionais que tornem o produto inutiliz\u00e1vel.<\/p>\n<p>Para os produtos de invent\u00e1rio regular, as devolu\u00e7\u00f5es podem ser concedidas desde que as amostras n\u00e3o tenham sido utilizadas e a embalagem original n\u00e3o esteja danificada para garantir que podem ser revendidas.<\/p>\n<h2 class=\"wp-block-heading\">Taxa de envio de devolu\u00e7\u00e3o e reembolso de amostras<\/h2>\n<p>Os clientes s\u00e3o respons\u00e1veis por todos os custos de envio associados \u00e0 devolu\u00e7\u00e3o ou troca de amostras (exceto se houver problemas funcionais). Se as amostras forem perdidas ou danificadas durante o transporte, o custo da amostra n\u00e3o ser\u00e1 reembolsado.<\/p>\n<h2 class=\"wp-block-heading\">Notas<\/h2>\n<p>Para amostras personalizadas, consulte o formul\u00e1rio de encomenda de amostras para obter os termos e condi\u00e7\u00f5es espec\u00edficos.<\/p>\n<p><\/p>\n<p><!-- \/wp:paragraph --><!-- wp:paragraph --><!-- \/wp:list --><!-- wp:paragraph --><\/p>\n<p><!-- \/wp:paragraph --><!-- wp:paragraph --><\/p>\n<h2>Tem d\u00favidas? Precisa de ajuda?<\/h2>\n<p><!-- \/wp:paragraph --><!-- wp:paragraph --><\/p>\n<p>A nossa equipa de assist\u00eancia ter\u00e1 todo o prazer em responder a quaisquer quest\u00f5es que possa ter. Contacte-nos em info@bestsolarlight.com ou atrav\u00e9s do n\u00famero de telefone: +8615307609699<\/p>\n<p><!-- \/wp:paragraph --><\/p>\t\t\t\t\t\t\t\t<\/div>\n\t\t\t\t<\/div>\n\t\t\t\t\t<\/div>\n\t\t\t\t<\/div>\n\t\t\t\t<\/div>","protected":false},"excerpt":{"rendered":"<p>This is a sample page to explain the sample&#8217;s refund and returns. Overview Customized samples are non-returnable and non-exchangeable, except<\/p>","protected":false},"author":1,"featured_media":0,"parent":0,"menu_order":0,"comment_status":"closed","ping_status":"closed","template":"elementor_header_footer","meta":{"_acf_changed":false,"footnotes":""},"class_list":["post-9","page","type-page","status-publish","hentry"],"acf":[],"_links":{"self":[{"href":"https:\/\/bestsolarlight.com\/pt\/wp-json\/wp\/v2\/pages\/9","targetHints":{"allow":["GET"]}}],"collection":[{"href":"https:\/\/bestsolarlight.com\/pt\/wp-json\/wp\/v2\/pages"}],"about":[{"href":"https:\/\/bestsolarlight.com\/pt\/wp-json\/wp\/v2\/types\/page"}],"author":[{"embeddable":true,"href":"https:\/\/bestsolarlight.com\/pt\/wp-json\/wp\/v2\/users\/1"}],"replies":[{"embeddable":true,"href":"https:\/\/bestsolarlight.com\/pt\/wp-json\/wp\/v2\/comments?post=9"}],"version-history":[{"count":0,"href":"https:\/\/bestsolarlight.com\/pt\/wp-json\/wp\/v2\/pages\/9\/revisions"}],"wp:attachment":[{"href":"https:\/\/bestsolarlight.com\/pt\/wp-json\/wp\/v2\/media?parent=9"}],"curies":[{"name":"wp","href":"https:\/\/api.w.org\/{rel}","templated":true}]}}