{"id":6,"date":"2024-11-16T07:33:59","date_gmt":"2024-11-16T07:33:59","guid":{"rendered":"http:\/\/bestsolarlight.com\/?page_id=6"},"modified":"2025-07-07T07:48:24","modified_gmt":"2025-07-07T07:48:24","slug":"carrinho","status":"publish","type":"page","link":"https:\/\/bestsolarlight.com\/pt\/carrinho\/","title":{"rendered":"Carrinho"},"content":{"rendered":"<div data-block-name=\"woocommerce\/cart\" class=\"wp-block-woocommerce-cart alignwide is-loading\">\n<div data-block-name=\"woocommerce\/filled-cart-block\" class=\"wp-block-woocommerce-filled-cart-block\">\n<div data-block-name=\"woocommerce\/cart-items-block\" class=\"wp-block-woocommerce-cart-items-block\">\n<div data-block-name=\"woocommerce\/cart-line-items-block\" class=\"wp-block-woocommerce-cart-line-items-block\"><\/div>\n\n\n\n<div data-block-name=\"woocommerce\/cart-cross-sells-block\" class=\"wp-block-woocommerce-cart-cross-sells-block\">\n<h2 class=\"wp-block-heading has-large-font-size\">Pode estar interessado em...<\/h2>\n\n\n\n<div data-block-name=\"woocommerce\/cart-cross-sells-products-block\" class=\"wp-block-woocommerce-cart-cross-sells-products-block\"><\/div>\n<\/div>\n<\/div>\n\n\n\n<div data-block-name=\"woocommerce\/cart-totals-block\" class=\"wp-block-woocommerce-cart-totals-block\">\n<div data-block-name=\"woocommerce\/cart-order-summary-block\" class=\"wp-block-woocommerce-cart-order-summary-block\">\n<div data-block-name=\"woocommerce\/cart-order-summary-heading-block\" class=\"wp-block-woocommerce-cart-order-summary-heading-block\"><\/div><div data-block-name=\"woocommerce\/cart-order-summary-coupon-form-block\" class=\"wp-block-woocommerce-cart-order-summary-coupon-form-block\"><\/div><div data-block-name=\"woocommerce\/cart-order-summary-totals-block\" class=\"wp-block-woocommerce-cart-order-summary-totals-block\">\n<div data-block-name=\"woocommerce\/cart-order-summary-subtotal-block\" class=\"wp-block-woocommerce-cart-order-summary-subtotal-block\"><\/div>\n<div data-block-name=\"woocommerce\/cart-order-summary-discount-block\" class=\"wp-block-woocommerce-cart-order-summary-discount-block\"><\/div>\n<div data-block-name=\"woocommerce\/cart-order-summary-fee-block\" class=\"wp-block-woocommerce-cart-order-summary-fee-block\"><\/div>\n<div data-block-name=\"woocommerce\/cart-order-summary-shipping-block\" class=\"wp-block-woocommerce-cart-order-summary-shipping-block\"><\/div>\n<div data-block-name=\"woocommerce\/cart-order-summary-taxes-block\" class=\"wp-block-woocommerce-cart-order-summary-taxes-block\"><\/div><\/div>\n<\/div>\n\n\n\n<div data-block-name=\"woocommerce\/cart-express-payment-block\" class=\"wp-block-woocommerce-cart-express-payment-block\"><\/div>\n\n\n\n<div data-block-name=\"woocommerce\/proceed-to-checkout-block\" class=\"wp-block-woocommerce-proceed-to-checkout-block\"><\/div>\n\n\n\n<div data-block-name=\"woocommerce\/cart-accepted-payment-methods-block\" class=\"wp-block-woocommerce-cart-accepted-payment-methods-block\"><\/div>\n<\/div>\n<\/div>\n\n\n\n<div data-block-name=\"woocommerce\/empty-cart-block\" class=\"wp-block-woocommerce-empty-cart-block\">\n<h2 class=\"wp-block-heading has-text-align-center with-empty-cart-icon wc-block-cart__empty-cart__title\">O seu carrinho est\u00e1 vazio!<\/h2>\n\n\n\n<hr class=\"wp-block-separator has-alpha-channel-opacity is-style-dots\"\/>\n\n\n\n<h2 class=\"wp-block-heading has-text-align-center\">Novo na loja<\/h2>\n\n\n<div data-block-name=\"woocommerce\/product-new\" data-columns=\"4\" data-rows=\"1\" class=\"wc-block-grid wp-block-product-new wp-block-woocommerce-product-new wc-block-product-new has-4-columns\"><ul class=\"wc-block-grid__products\"><li class=\"wc-block-grid__product\">\n\t\t\t\t<a href=\"https:\/\/bestsolarlight.com\/pt\/produto\/luzes-solares-redondas-para-jardim\/\" class=\"wc-block-grid__product-link\">\n\t\t\t\t\t<div class=\"wc-block-grid__product-onsale\">\n\t\t\t<span aria-hidden=\"true\" data-no-translation=\"\" data-trp-gettext=\"\">Promo\u00e7\u00e3o<\/span>\n\t\t\t<span class=\"screen-reader-text\" data-no-translation=\"\" data-trp-gettext=\"\">Produto em promo\u00e7\u00e3o<\/span>\n\t\t<\/div>\n\t\t\t\t\t<div class=\"wc-block-grid__product-image\"><img fetchpriority=\"high\" decoding=\"async\" width=\"430\" height=\"430\" src=\"https:\/\/bestsolarlight.com\/wp-content\/uploads\/2025\/02\/Round-solar-garden-light-1-430x430.jpg\" class=\"attachment-woocommerce_thumbnail size-woocommerce_thumbnail\" alt=\"Luzes de jardim solares redondas\" srcset=\"https:\/\/bestsolarlight.com\/wp-content\/uploads\/2025\/02\/Round-solar-garden-light-1-430x430.jpg 430w, https:\/\/bestsolarlight.com\/wp-content\/uploads\/2025\/02\/Round-solar-garden-light-1-300x300.jpg 300w, https:\/\/bestsolarlight.com\/wp-content\/uploads\/2025\/02\/Round-solar-garden-light-1-150x150.jpg 150w, https:\/\/bestsolarlight.com\/wp-content\/uploads\/2025\/02\/Round-solar-garden-light-1-768x768.jpg 768w, https:\/\/bestsolarlight.com\/wp-content\/uploads\/2025\/02\/Round-solar-garden-light-1-700x700.jpg 700w, https:\/\/bestsolarlight.com\/wp-content\/uploads\/2025\/02\/Round-solar-garden-light-1.jpg 800w\" sizes=\"(max-width: 430px) 100vw, 430px\" \/><\/div>\n\t\t\t\t\t<div class=\"wc-block-grid__product-title\">Luzes de jardim solares redondas com bateria e sensor para luz solar de poste superior exterior<\/div>\n\t\t\t\t<\/a>\n\t\t\t\t<div class=\"wc-block-grid__product-price price\"><span class=\"woocommerce-Price-amount amount\" aria-hidden=\"true\"><span class=\"woocommerce-Price-currencySymbol\">&#036;<\/span>18.85<\/span> <span aria-hidden=\"true\">&#8211;<\/span> <span class=\"woocommerce-Price-amount amount\" aria-hidden=\"true\"><span class=\"woocommerce-Price-currencySymbol\">&#036;<\/span>24.50<\/span><span class=\"screen-reader-text\" data-no-translation=\"\" data-trp-gettext=\"\">Gama de pre\u00e7os: &#036;18.85 a &#036;24.50<\/span><\/div>\n\t\t\t\t\n\t\t\t\t<div class=\"wp-block-button wc-block-grid__product-add-to-cart\"><a href=\"https:\/\/bestsolarlight.com\/pt\/produto\/luzes-solares-redondas-para-jardim\/\" aria-label=\"Seleccione as op\u00e7\u00f5es para \u201cRound Solar Garden Lights Battery with Sensor for Outdoor Top Post Solar Light\u201d\" data-quantity=\"1\" data-product_id=\"30144\" data-product_sku=\"BSL-YGSO348\" data-price=\"18.85\" rel=\"nofollow\" class=\"wp-block-button__link  add_to_cart_button\" data-no-translation=\"\" data-trp-gettext=\"\" data-no-translation-aria-label=\"\">Ver op\u00e7\u00f5es<\/a><\/div>\n\t\t\t<\/li><li class=\"wc-block-grid__product\">\n\t\t\t\t<a href=\"https:\/\/bestsolarlight.com\/pt\/produto\/iluminacao-publica-com-energia-solar-2\/\" class=\"wc-block-grid__product-link\">\n\t\t\t\t\t<div class=\"wc-block-grid__product-onsale\">\n\t\t\t<span aria-hidden=\"true\" data-no-translation=\"\" data-trp-gettext=\"\">Promo\u00e7\u00e3o<\/span>\n\t\t\t<span class=\"screen-reader-text\" data-no-translation=\"\" data-trp-gettext=\"\">Produto em promo\u00e7\u00e3o<\/span>\n\t\t<\/div>\n\t\t\t\t\t<div class=\"wc-block-grid__product-image\"><img decoding=\"async\" width=\"430\" height=\"430\" src=\"https:\/\/bestsolarlight.com\/wp-content\/uploads\/2025\/02\/DSC_0282-430x430.jpg\" class=\"attachment-woocommerce_thumbnail size-woocommerce_thumbnail\" alt=\"Luz de rua de energia solar\" srcset=\"https:\/\/bestsolarlight.com\/wp-content\/uploads\/2025\/02\/DSC_0282-430x430.jpg 430w, https:\/\/bestsolarlight.com\/wp-content\/uploads\/2025\/02\/DSC_0282-300x300.jpg 300w, https:\/\/bestsolarlight.com\/wp-content\/uploads\/2025\/02\/DSC_0282-800x800.jpg 800w, https:\/\/bestsolarlight.com\/wp-content\/uploads\/2025\/02\/DSC_0282-150x150.jpg 150w, https:\/\/bestsolarlight.com\/wp-content\/uploads\/2025\/02\/DSC_0282-768x768.jpg 768w, https:\/\/bestsolarlight.com\/wp-content\/uploads\/2025\/02\/DSC_0282-1536x1536.jpg 1536w, https:\/\/bestsolarlight.com\/wp-content\/uploads\/2025\/02\/DSC_0282-2048x2048.jpg 2048w, https:\/\/bestsolarlight.com\/wp-content\/uploads\/2025\/02\/DSC_0282-700x700.jpg 700w\" sizes=\"(max-width: 430px) 100vw, 430px\" \/><\/div>\n\t\t\t\t\t<div class=\"wc-block-grid__product-title\">Luz de rua de energia solar de baixo custo<\/div>\n\t\t\t\t<\/a>\n\t\t\t\t<div class=\"wc-block-grid__product-price price\"><del aria-hidden=\"true\"><span class=\"woocommerce-Price-amount amount\"><span class=\"woocommerce-Price-currencySymbol\">&#036;<\/span>7.50<\/span><\/del> <span class=\"screen-reader-text\" data-no-translation=\"\" data-trp-gettext=\"\">O pre\u00e7o original era: &#036;7.50.<\/span><ins aria-hidden=\"true\"><span class=\"woocommerce-Price-amount amount\"><span class=\"woocommerce-Price-currencySymbol\">&#036;<\/span>5.50<\/span><\/ins><span class=\"screen-reader-text\" data-no-translation=\"\" data-trp-gettext=\"\">O pre\u00e7o atual \u00e9: &#036;5.50.<\/span><\/div>\n\t\t\t\t\n\t\t\t\t<div class=\"wp-block-button wc-block-grid__product-add-to-cart\"><a href=\"?add-to-cart=29891\" aria-label=\"Adiciona ao carrinho: \u201cLow-Cost Solar Energy Street Light\u201d\" data-quantity=\"1\" data-product_id=\"29891\" data-product_sku=\"BSL-YGSO12-300W\" data-price=\"5.5\" rel=\"nofollow\" class=\"wp-block-button__link  add_to_cart_button ajax_add_to_cart\" data-no-translation=\"\" data-trp-gettext=\"\" data-no-translation-aria-label=\"\">Adicionar<\/a><\/div>\n\t\t\t<\/li><li class=\"wc-block-grid__product\">\n\t\t\t\t<a href=\"https:\/\/bestsolarlight.com\/pt\/produto\/luzes-de-inundacao-alimentadas-por-energia-solar\/\" class=\"wc-block-grid__product-link\">\n\t\t\t\t\t<div class=\"wc-block-grid__product-onsale\">\n\t\t\t<span aria-hidden=\"true\" data-no-translation=\"\" data-trp-gettext=\"\">Promo\u00e7\u00e3o<\/span>\n\t\t\t<span class=\"screen-reader-text\" data-no-translation=\"\" data-trp-gettext=\"\">Produto em promo\u00e7\u00e3o<\/span>\n\t\t<\/div>\n\t\t\t\t\t<div class=\"wc-block-grid__product-image\"><img decoding=\"async\" width=\"430\" height=\"430\" src=\"https:\/\/bestsolarlight.com\/wp-content\/uploads\/2025\/02\/mail-products-430x430.jpg\" class=\"attachment-woocommerce_thumbnail size-woocommerce_thumbnail\" alt=\"Luzes de inunda\u00e7\u00e3o alimentadas por energia solar\" srcset=\"https:\/\/bestsolarlight.com\/wp-content\/uploads\/2025\/02\/mail-products-430x430.jpg 430w, https:\/\/bestsolarlight.com\/wp-content\/uploads\/2025\/02\/mail-products-300x300.jpg 300w, https:\/\/bestsolarlight.com\/wp-content\/uploads\/2025\/02\/mail-products-800x800.jpg 800w, https:\/\/bestsolarlight.com\/wp-content\/uploads\/2025\/02\/mail-products-150x150.jpg 150w, https:\/\/bestsolarlight.com\/wp-content\/uploads\/2025\/02\/mail-products-768x768.jpg 768w, https:\/\/bestsolarlight.com\/wp-content\/uploads\/2025\/02\/mail-products-1536x1536.jpg 1536w, https:\/\/bestsolarlight.com\/wp-content\/uploads\/2025\/02\/mail-products-2048x2048.jpg 2048w, https:\/\/bestsolarlight.com\/wp-content\/uploads\/2025\/02\/mail-products-700x700.jpg 700w\" sizes=\"(max-width: 430px) 100vw, 430px\" \/><\/div>\n\t\t\t\t\t<div class=\"wc-block-grid__product-title\">Holofotes de 300W alimentados por energia solar para utiliza\u00e7\u00e3o no exterior<\/div>\n\t\t\t\t<\/a>\n\t\t\t\t<div class=\"wc-block-grid__product-price price\"><del aria-hidden=\"true\"><span class=\"woocommerce-Price-amount amount\"><span class=\"woocommerce-Price-currencySymbol\">&#036;<\/span>7.50<\/span><\/del> <span class=\"screen-reader-text\" data-no-translation=\"\" data-trp-gettext=\"\">O pre\u00e7o original era: &#036;7.50.<\/span><ins aria-hidden=\"true\"><span class=\"woocommerce-Price-amount amount\"><span class=\"woocommerce-Price-currencySymbol\">&#036;<\/span>5.50<\/span><\/ins><span class=\"screen-reader-text\" data-no-translation=\"\" data-trp-gettext=\"\">O pre\u00e7o atual \u00e9: &#036;5.50.<\/span><\/div>\n\t\t\t\t\n\t\t\t\t<div class=\"wp-block-button wc-block-grid__product-add-to-cart\"><a href=\"?add-to-cart=29875\" aria-label=\"Adiciona ao carrinho: \u201c300W Flood Lights Solar Powered for Outdoor Use\u201d\" data-quantity=\"1\" data-product_id=\"29875\" data-product_sku=\"BSL-YGSO02-300W\" data-price=\"5.5\" rel=\"nofollow\" class=\"wp-block-button__link  add_to_cart_button ajax_add_to_cart\" data-no-translation=\"\" data-trp-gettext=\"\" data-no-translation-aria-label=\"\">Adicionar<\/a><\/div>\n\t\t\t<\/li><li class=\"wc-block-grid__product\">\n\t\t\t\t<a href=\"https:\/\/bestsolarlight.com\/pt\/produto\/iluminacao-publica-solar-2\/\" class=\"wc-block-grid__product-link\">\n\t\t\t\t\t<div class=\"wc-block-grid__product-onsale\">\n\t\t\t<span aria-hidden=\"true\" data-no-translation=\"\" data-trp-gettext=\"\">Promo\u00e7\u00e3o<\/span>\n\t\t\t<span class=\"screen-reader-text\" data-no-translation=\"\" data-trp-gettext=\"\">Produto em promo\u00e7\u00e3o<\/span>\n\t\t<\/div>\n\t\t\t\t\t<div class=\"wc-block-grid__product-image\"><img loading=\"lazy\" decoding=\"async\" width=\"430\" height=\"430\" src=\"https:\/\/bestsolarlight.com\/wp-content\/uploads\/2025\/02\/solar-street-light-all-in-one-2-430x430.jpg\" class=\"attachment-woocommerce_thumbnail size-woocommerce_thumbnail\" alt=\"Ilumina\u00e7\u00e3o p\u00fablica solar\" srcset=\"https:\/\/bestsolarlight.com\/wp-content\/uploads\/2025\/02\/solar-street-light-all-in-one-2-430x430.jpg 430w, https:\/\/bestsolarlight.com\/wp-content\/uploads\/2025\/02\/solar-street-light-all-in-one-2-300x300.jpg 300w, https:\/\/bestsolarlight.com\/wp-content\/uploads\/2025\/02\/solar-street-light-all-in-one-2-150x150.jpg 150w, https:\/\/bestsolarlight.com\/wp-content\/uploads\/2025\/02\/solar-street-light-all-in-one-2-768x768.jpg 768w, https:\/\/bestsolarlight.com\/wp-content\/uploads\/2025\/02\/solar-street-light-all-in-one-2-700x700.jpg 700w, https:\/\/bestsolarlight.com\/wp-content\/uploads\/2025\/02\/solar-street-light-all-in-one-2.jpg 800w\" sizes=\"(max-width: 430px) 100vw, 430px\" \/><\/div>\n\t\t\t\t\t<div class=\"wc-block-grid__product-title\">Luz de rua solar de 3600Watt<\/div>\n\t\t\t\t<\/a>\n\t\t\t\t<div class=\"wc-block-grid__product-price price\"><span class=\"woocommerce-Price-amount amount\" aria-hidden=\"true\"><span class=\"woocommerce-Price-currencySymbol\">&#036;<\/span>11.00<\/span> <span aria-hidden=\"true\">&#8211;<\/span> <span class=\"woocommerce-Price-amount amount\" aria-hidden=\"true\"><span class=\"woocommerce-Price-currencySymbol\">&#036;<\/span>22.00<\/span><span class=\"screen-reader-text\" data-no-translation=\"\" data-trp-gettext=\"\">Gama de pre\u00e7os: &#036;11.00 a &#036;22.00<\/span><\/div>\n\t\t\t\t\n\t\t\t\t<div class=\"wp-block-button wc-block-grid__product-add-to-cart\"><a href=\"https:\/\/bestsolarlight.com\/pt\/produto\/iluminacao-publica-solar-2\/\" aria-label=\"Seleccione as op\u00e7\u00f5es para \u201c3600Watt Solar Street Light\u201d\" data-quantity=\"1\" data-product_id=\"29844\" data-product_sku=\"BSL-YGSO349\" data-price=\"11\" rel=\"nofollow\" class=\"wp-block-button__link  add_to_cart_button\" data-no-translation=\"\" data-trp-gettext=\"\" data-no-translation-aria-label=\"\">Ver op\u00e7\u00f5es<\/a><\/div>\n\t\t\t<\/li><\/ul><\/div><\/div>\n<\/div>","protected":false},"excerpt":{"rendered":"","protected":false},"author":1,"featured_media":0,"parent":0,"menu_order":0,"comment_status":"closed","ping_status":"closed","template":"","meta":{"_acf_changed":false,"footnotes":""},"class_list":["post-6","page","type-page","status-publish","hentry"],"acf":[],"_links":{"self":[{"href":"https:\/\/bestsolarlight.com\/pt\/wp-json\/wp\/v2\/pages\/6","targetHints":{"allow":["GET"]}}],"collection":[{"href":"https:\/\/bestsolarlight.com\/pt\/wp-json\/wp\/v2\/pages"}],"about":[{"href":"https:\/\/bestsolarlight.com\/pt\/wp-json\/wp\/v2\/types\/page"}],"author":[{"embeddable":true,"href":"https:\/\/bestsolarlight.com\/pt\/wp-json\/wp\/v2\/users\/1"}],"replies":[{"embeddable":true,"href":"https:\/\/bestsolarlight.com\/pt\/wp-json\/wp\/v2\/comments?post=6"}],"version-history":[{"count":0,"href":"https:\/\/bestsolarlight.com\/pt\/wp-json\/wp\/v2\/pages\/6\/revisions"}],"wp:attachment":[{"href":"https:\/\/bestsolarlight.com\/pt\/wp-json\/wp\/v2\/media?parent=6"}],"curies":[{"name":"wp","href":"https:\/\/api.w.org\/{rel}","templated":true}]}}