{"id":3,"date":"2024-11-16T07:33:25","date_gmt":"2024-11-16T07:33:25","guid":{"rendered":"http:\/\/bestsolarlight.com\/?page_id=3"},"modified":"2025-07-03T11:29:44","modified_gmt":"2025-07-03T11:29:44","slug":"politica-de-privacidade","status":"publish","type":"page","link":"https:\/\/bestsolarlight.com\/pt\/politica-de-privacidade\/","title":{"rendered":"Pol\u00edtica de privacidade"},"content":{"rendered":"<div data-elementor-type=\"wp-page\" data-elementor-id=\"3\" class=\"elementor elementor-3\" data-elementor-post-type=\"page\">\n\t\t\t\t<div class=\"elementor-element elementor-element-68270673 e-flex e-con-boxed e-con e-parent\" data-id=\"68270673\" data-element_type=\"container\" data-settings=\"{&quot;ekit_has_onepagescroll_dot&quot;:&quot;yes&quot;}\">\n\t\t\t\t\t<div class=\"e-con-inner\">\n\t\t\t\t<div class=\"elementor-element elementor-element-6ff65e14 color-scheme-inherit text-left elementor-widget elementor-widget-text-editor\" data-id=\"6ff65e14\" data-element_type=\"widget\" data-settings=\"{&quot;ekit_we_effect_on&quot;:&quot;none&quot;}\" data-widget_type=\"text-editor.default\">\n\t\t\t\t<div class=\"elementor-widget-container\">\n\t\t\t\t\t\t\t\t\t<p><\/p>\n<h1 class=\"wp-block-heading\">Quem somos<\/h1>\n<p><\/p>\n<p>O endere\u00e7o do nosso s\u00edtio Web \u00e9: http:\/\/bestsolarlight.com.<\/p>\n<p><\/p>\n<h2 class=\"wp-block-heading\">Coment\u00e1rios<\/h2>\n<p><\/p>\n<p>Quando deixa um coment\u00e1rio, recolhemos as informa\u00e7\u00f5es introduzidas no formul\u00e1rio, incluindo o seu endere\u00e7o IP e os detalhes do seu browser. Isto ajuda-nos a evitar spam e a melhorar a sua experi\u00eancia. Se tiver uma conta Gravatar, um c\u00f3digo an\u00f3nimo (hash) derivado do seu endere\u00e7o de e-mail pode ser enviado para o Gravatar para verificar se tem uma imagem de perfil. A pol\u00edtica de privacidade do Gravatar est\u00e1 dispon\u00edvel aqui:http:\/\/bestsolarlight.com\/privacy-policy\/. S\u00f3 depois de o seu coment\u00e1rio ser aprovado \u00e9 que a sua fotografia de perfil ser\u00e1 apresentada publicamente.<\/p>\n<p><\/p>\n<h2 class=\"wp-block-heading\">Media<\/h2>\n<p><\/p>\n<p>Ao carregar imagens, tenha em aten\u00e7\u00e3o os dados de localiza\u00e7\u00e3o incorporados (EXIF GPS). Estes dados podem ser extra\u00eddos pelos visitantes do s\u00edtio Web, revelando potencialmente a sua localiza\u00e7\u00e3o. Para salvaguardar a sua privacidade, sugerimos que remova esta informa\u00e7\u00e3o antes de efetuar o carregamento<\/p>\n<p><\/p>\n<h2 class=\"wp-block-heading\">Biscoitos<\/h2>\n<p><\/p>\n<p>Para sua conveni\u00eancia, oferecemos a op\u00e7\u00e3o de guardar o seu nome, e-mail e informa\u00e7\u00f5es do s\u00edtio Web nos cookies quando deixa um coment\u00e1rio. Isto permite-lhe comentar rapidamente no futuro sem ter de voltar a introduzir os seus dados. Estes cookies expiram ao fim de um ano<\/p>\n<p><\/p>\n<p>Para garantir uma experi\u00eancia sem problemas, utilizamos um cookie tempor\u00e1rio para verificar se o seu browser aceita cookies. Este cookie n\u00e3o armazena quaisquer informa\u00e7\u00f5es pessoais e \u00e9 eliminado quando fecha o seu browser<\/p>\n<p><\/p>\n<p>Quando o utilizador inicia sess\u00e3o, utilizamos cookies para guardar as suas credenciais de in\u00edcio de sess\u00e3o e prefer\u00eancias de visualiza\u00e7\u00e3o. Os cookies de in\u00edcio de sess\u00e3o expiram geralmente ao fim de dois dias. Se selecionar a op\u00e7\u00e3o \"Lembrar-me\", o seu in\u00edcio de sess\u00e3o persistir\u00e1 durante duas semanas. Quando terminar a sess\u00e3o, estes cookies ser\u00e3o removidos.<\/p>\n<p><\/p>\n<p>Quando edita ou publica um artigo, \u00e9 utilizado um cookie tempor\u00e1rio para registar o ID do artigo. Este cookie n\u00e3o armazena dados pessoais e expira ao fim de um dia.<\/p>\n<p><\/p>\n<h2 class=\"wp-block-heading\">Conte\u00fado incorporado de fontes externas<\/h2>\n<p><\/p>\n<p>Este s\u00edtio pode conter conte\u00fados incorporados de outros s\u00edtios Web, tais como v\u00eddeos ou imagens. Quando visualiza este conte\u00fado incorporado, funciona como se estivesse a visitar diretamente o s\u00edtio Web de origem.<\/p>\n<p><\/p>\n<p>Os s\u00edtios Web que fornecem conte\u00fados incorporados podem recolher dados sobre o utilizador, utilizar cookies e incorporar ferramentas de rastreio adicionais. Podem tamb\u00e9m seguir a sua intera\u00e7\u00e3o com o conte\u00fado incorporado, especialmente se tiver uma conta no s\u00edtio Web e estiver ligado.<\/p>\n<p><\/p>\n<h2 class=\"wp-block-heading\">Com quem partilhamos os seus dados?<\/h2>\n<p><\/p>\n<p>Para ajudar a verificar a sua identidade, o seu endere\u00e7o IP ser\u00e1 inclu\u00eddo na mensagem de correio eletr\u00f3nico de redefini\u00e7\u00e3o da palavra-passe.<\/p>\n<p><\/p>\n<h2 class=\"wp-block-heading\">Durante quanto tempo guardamos as suas informa\u00e7\u00f5es?<\/h2>\n<p><\/p>\n<p>Para facilitar os coment\u00e1rios, guardamos os seus coment\u00e1rios e informa\u00e7\u00f5es relacionadas. Isto ajuda-nos a aprovar automaticamente futuros coment\u00e1rios seus, para que n\u00e3o tenha de esperar pela modera\u00e7\u00e3o.<\/p>\n<p><\/p>\n<p>Se criar uma conta no nosso s\u00edtio Web, pode gerir as suas informa\u00e7\u00f5es pessoais. Pode ver, editar ou eliminar essas informa\u00e7\u00f5es em qualquer altura, exceto o seu nome de utilizador. Os administradores do nosso s\u00edtio Web tamb\u00e9m podem aceder a estas informa\u00e7\u00f5es<\/p>\n<p><\/p>\n<h2 class=\"wp-block-heading\">Quais s\u00e3o os seus direitos de propriedade de dados?<\/h2>\n<p><\/p>\n<p>Se tiver uma conta ou tiver feito um coment\u00e1rio no nosso s\u00edtio, pode pedir-nos para fornecer uma c\u00f3pia das suas informa\u00e7\u00f5es pessoais ou para as apagar. Tenha em aten\u00e7\u00e3o que poderemos ter de conservar algumas informa\u00e7\u00f5es por motivos legais<\/p>\n<p><\/p>\n<h2 class=\"wp-block-heading\">Para onde s\u00e3o enviados os seus dados<\/h2>\n<p><\/p>\n<p>Para proteger o nosso s\u00edtio de spam, utilizamos software automatizado para analisar os coment\u00e1rios dos visitantes<\/p>\n<p><\/p>\t\t\t\t\t\t\t\t<\/div>\n\t\t\t\t<\/div>\n\t\t\t\t\t<\/div>\n\t\t\t\t<\/div>\n\t\t\t\t<\/div>","protected":false},"excerpt":{"rendered":"<p>Who we are Our website address is: http:\/\/bestsolarlight.com. Comments When you leave a comment, we collect the information you enter<\/p>","protected":false},"author":1,"featured_media":0,"parent":0,"menu_order":0,"comment_status":"closed","ping_status":"open","template":"elementor_header_footer","meta":{"_acf_changed":false,"footnotes":""},"class_list":["post-3","page","type-page","status-publish","hentry"],"acf":[],"_links":{"self":[{"href":"https:\/\/bestsolarlight.com\/pt\/wp-json\/wp\/v2\/pages\/3","targetHints":{"allow":["GET"]}}],"collection":[{"href":"https:\/\/bestsolarlight.com\/pt\/wp-json\/wp\/v2\/pages"}],"about":[{"href":"https:\/\/bestsolarlight.com\/pt\/wp-json\/wp\/v2\/types\/page"}],"author":[{"embeddable":true,"href":"https:\/\/bestsolarlight.com\/pt\/wp-json\/wp\/v2\/users\/1"}],"replies":[{"embeddable":true,"href":"https:\/\/bestsolarlight.com\/pt\/wp-json\/wp\/v2\/comments?post=3"}],"version-history":[{"count":0,"href":"https:\/\/bestsolarlight.com\/pt\/wp-json\/wp\/v2\/pages\/3\/revisions"}],"wp:attachment":[{"href":"https:\/\/bestsolarlight.com\/pt\/wp-json\/wp\/v2\/media?parent=3"}],"curies":[{"name":"wp","href":"https:\/\/api.w.org\/{rel}","templated":true}]}}