{"id":28100,"date":"2024-11-22T12:13:33","date_gmt":"2024-11-22T12:13:33","guid":{"rendered":"http:\/\/bestsolarlight.com\/?post_type=product&#038;p=28100"},"modified":"2025-08-09T12:15:42","modified_gmt":"2025-08-09T12:15:42","slug":"lampadaire-solaire-a-diodes-electroluminescentes","status":"publish","type":"product","link":"https:\/\/bestsolarlight.com\/fr\/produit\/lampadaire-solaire-a-diodes-electroluminescentes\/","title":{"rendered":"Lampadaire solaire \u00e0 LED"},"content":{"rendered":"<h2 class=\"uabb-heading\">Lampadaire solaire \u00e0 leds pour la maison blackout avec batterie Lampadaire \u00e0 \u00e9nergie solaire<\/h2>\n<div class=\"uabb-subheading uabb-text-editor\">\n<ul>\n<li>Produit : BSL-YGSO37<\/li>\n<li>Cat\u00e9gorie\uff1a <a href=\"\/fr\/categorie-produit\/lampadaire-solaire-2\/\">Eclairage public solaire<\/a> \/<a href=\"\/fr\/categorie-produit\/lampadaire-solaire-tout-en-un\/\">Lampes de rue solaires All in Two<\/a><\/li>\n<li>Puissance de sortie :8w \/ 10w \/ 12w \/14w<\/li>\n<li>Puissance des LED : 100W \/200w \/300w \/400w<\/li>\n<li>Lentille durable en aluminium moul\u00e9 sous pression et en PC (empereur japonais)<\/li>\n<li>\u00c9clairage \u00e9conome en \u00e9nergie : Puces LED 3030 avanc\u00e9es pour une consommation d'\u00e9nergie r\u00e9duite et des co\u00fbts d'exploitation moindres.<\/li>\n<li>Chargement intelligent P-Mos, mise en marche\/arr\u00eat automatique le jour et la nuit.<\/li>\n<li>Grand angle lumineux 150*70,25% augmentation de la surface d'irradiation<\/li>\n<li>IP 65 Indice d'\u00e9tanch\u00e9it\u00e9<\/li>\n<li>3 ans de garantie<\/li>\n<\/ul>\n<p><b>Syst\u00e8me intelligent de gestion de l'\u00e9nergie, distribution automatique de l'\u00e9lectricit\u00e9 <\/b><b>la nuit<\/b><\/p>\n<\/div>","protected":false},"excerpt":{"rendered":"<ul>\n<li><b>Sp\u00e9cification du mod\u00e8le :<\/b><span style=\"font-weight: 400;\"> BSSL-LED400 Lampe de rue solaire professionnelle \u00e0 LED<\/span><\/li>\n<li><b>Puissance de sortie :<\/b><span> LED ultra lumineuse de 400W avec contr\u00f4le intelligent<\/span><\/li>\n<li><b>Panneau solaire :<\/b><span> 120W premium monocristallin avec suivi m\u00e9t\u00e9orologique<\/span><\/li>\n<li><b>Protection contre les infiltrations :<\/b><span> IP67 - compl\u00e8tement \u00e9tanche \u00e0 l'eau et \u00e0 la poussi\u00e8re<\/span><\/li>\n<li><b>Application de la conception :<\/b><span> Projets municipaux, autoroutes, complexes industriels et zones \u00e0 forte circulation<\/span><\/li>\n<\/ul>","protected":false},"featured_media":28104,"comment_status":"open","ping_status":"closed","template":"","meta":{"_acf_changed":false},"product_brand":[],"product_cat":[75,72],"product_tag":[91,90,96,84,93],"class_list":{"0":"post-28100","1":"product","2":"type-product","3":"status-publish","4":"has-post-thumbnail","6":"product_cat-solar-street-light","7":"product_cat-all-in-two-solar-street-lights","8":"product_tag-solar-led-lights","9":"product_tag-solar-lights-for-outdoor","10":"product_tag-solar-street-lamp","11":"product_tag-solar-street-light","12":"product_tag-solar-street-lights","14":"first","15":"instock","16":"sale","17":"shipping-taxable","18":"purchasable","19":"product-type-variable"},"acf":[],"_links":{"self":[{"href":"https:\/\/bestsolarlight.com\/fr\/wp-json\/wp\/v2\/product\/28100","targetHints":{"allow":["GET"]}}],"collection":[{"href":"https:\/\/bestsolarlight.com\/fr\/wp-json\/wp\/v2\/product"}],"about":[{"href":"https:\/\/bestsolarlight.com\/fr\/wp-json\/wp\/v2\/types\/product"}],"replies":[{"embeddable":true,"href":"https:\/\/bestsolarlight.com\/fr\/wp-json\/wp\/v2\/comments?post=28100"}],"version-history":[{"count":0,"href":"https:\/\/bestsolarlight.com\/fr\/wp-json\/wp\/v2\/product\/28100\/revisions"}],"wp:featuredmedia":[{"embeddable":true,"href":"https:\/\/bestsolarlight.com\/fr\/wp-json\/wp\/v2\/media\/28104"}],"wp:attachment":[{"href":"https:\/\/bestsolarlight.com\/fr\/wp-json\/wp\/v2\/media?parent=28100"}],"wp:term":[{"taxonomy":"product_brand","embeddable":true,"href":"https:\/\/bestsolarlight.com\/fr\/wp-json\/wp\/v2\/product_brand?post=28100"},{"taxonomy":"product_cat","embeddable":true,"href":"https:\/\/bestsolarlight.com\/fr\/wp-json\/wp\/v2\/product_cat?post=28100"},{"taxonomy":"product_tag","embeddable":true,"href":"https:\/\/bestsolarlight.com\/fr\/wp-json\/wp\/v2\/product_tag?post=28100"}],"curies":[{"name":"wp","href":"https:\/\/api.w.org\/{rel}","templated":true}]}}