{"id":28035,"date":"2024-11-21T13:56:25","date_gmt":"2024-11-21T13:56:25","guid":{"rendered":"http:\/\/bestsolarlight.com\/?post_type=product&#038;p=28035"},"modified":"2025-07-31T23:47:50","modified_gmt":"2025-07-31T23:47:50","slug":"lampes-de-rue-a-energie-solaire-2","status":"publish","type":"product","link":"https:\/\/bestsolarlight.com\/fr\/produit\/lampes-de-rue-a-energie-solaire-2\/","title":{"rendered":"Lampes de rue \u00e0 \u00e9nergie solaire"},"content":{"rendered":"<div data-elementor-type=\"product-post\" data-elementor-id=\"28035\" class=\"elementor elementor-28035\" data-elementor-post-type=\"product\">\n\t\t\t\t<div class=\"elementor-element elementor-element-22c8bcfd e-flex e-con-boxed e-con e-parent\" data-id=\"22c8bcfd\" data-element_type=\"container\" data-settings=\"{&quot;ekit_has_onepagescroll_dot&quot;:&quot;yes&quot;}\">\n\t\t\t\t\t<div class=\"e-con-inner\">\n\t\t\t\t<div class=\"elementor-element elementor-element-175d7b47 color-scheme-inherit text-left elementor-widget elementor-widget-text-editor\" data-id=\"175d7b47\" data-element_type=\"widget\" data-settings=\"{&quot;ekit_we_effect_on&quot;:&quot;none&quot;}\" data-widget_type=\"text-editor.default\">\n\t\t\t\t<div class=\"elementor-widget-container\">\n\t\t\t\t\t\t\t\t\t<h2 class=\"uabb-heading\">Lampes de rue \u00e0 \u00e9nergie solaire \u00e9tanches \u00e0 l'obscurit\u00e9 Illumination continuel<\/h2><div class=\"uabb-subheading uabb-text-editor\"><ul><li>Produit : BSL-YGSO23<\/li><li>Cat\u00e9gorie\uff1a <a href=\"\/fr\/categorie-produit\/lampadaire-solaire-2\/\">Eclairage public solaire<\/a> \/<a href=\"\/fr\/categorie-produit\/lampadaire-solaire-tout-en-un\/\">Lampes de rue solaires All in Two<\/a><\/li><li>Puissance de sortie :300w 400w 500w 600w<\/li><li>Hauteur du poteau : 5 m\u00e8tres, possibilit\u00e9 d'utiliser un poteau de 8 m\u00e8tres.<\/li><li>Composants de haute qualit\u00e9 : Aluminium moul\u00e9 sous pression et lentille en PMMA pour des performances optimales.<\/li><li>Poteau r\u00e9sistant \u00e0 la corrosion : Poteau en acier galvanis\u00e9 \u00e0 chaud et sabl\u00e9 pour une durabilit\u00e9 sup\u00e9rieure.<\/li><li>\u00c9clairage \u00e9conome en \u00e9nergie : Puces LED 3030 avanc\u00e9es pour une consommation d'\u00e9nergie r\u00e9duite et des co\u00fbts d'exploitation moindres.<\/li><li>Contr\u00f4leur MPPT ,peut garder le m\u00eame \u00e9clairage toute la nuit ,aussi s'allumer automatiquement la nuit et s'\u00e9teindre le jour.<\/li><li>IP 65 Indice d'\u00e9tanch\u00e9it\u00e9<\/li><li>3 ans de garantie<\/li><li>Durable et fiable : Con\u00e7u pour durer 7 \u00e0 10 ans<\/li><\/ul><p class=\"uabb-heading\"><strong>Avec un m\u00e2t de 5 m\u00e8tres de haut, ce lampadaire solaire peut \u00eatre utilis\u00e9 dans de nombreux endroits.<\/strong><\/p><\/div>\t\t\t\t\t\t\t\t<\/div>\n\t\t\t\t<\/div>\n\t\t\t\t\t<\/div>\n\t\t\t\t<\/div>\n\t\t\t\t<\/div>","protected":false},"excerpt":{"rendered":"<ul>\n<li style=\"font-weight: 400;\" aria-level=\"1\"><b>Mod\u00e8le : <\/b><span style=\"font-weight: 400;\">BSL-SPL9035<\/span><\/li>\n<li><b>Panneaux : <\/b><span style=\"font-weight: 400;\">Panneau solaire monocristallin haute puissance<\/span><\/li>\n<li><b>Puissance de sortie : <\/b><span style=\"font-weight: 400;\">LED 120W \u00e0 haute luminosit\u00e9 et \u00e0 faible consommation d'\u00e9nergie\u00a0<\/span><\/li>\n<li><b>Type de batterie : <\/b><span style=\"font-weight: 400;\">3,2V, 30AH lithium phosphate de fer<\/span><\/li>\n<li><b>Autonomie de la batterie :<\/b><span style=\"font-weight: 400;\"> 6-8 heures au soleil<\/span><\/li>\n<li><b>Capteur : <\/b><span style=\"font-weight: 400;\">D\u00e9tecteur de mouvement intelligent PIR<\/span><\/li>\n<li><b>Classification : <\/b><span style=\"font-weight: 400;\">IP65 - Conception r\u00e9sistante aux intemp\u00e9ries et \u00e0 l'ext\u00e9rieur<\/span><\/li>\n<li><b>Certification : <\/b><span style=\"font-weight: 400;\">CE, ROHS <\/span><\/li>\n<\/ul>","protected":false},"featured_media":28037,"comment_status":"open","ping_status":"closed","template":"","meta":{"_acf_changed":false},"product_brand":[],"product_cat":[75,72],"product_tag":[91,90,96,84,93],"class_list":{"0":"post-28035","1":"product","2":"type-product","3":"status-publish","4":"has-post-thumbnail","6":"product_cat-solar-street-light","7":"product_cat-all-in-two-solar-street-lights","8":"product_tag-solar-led-lights","9":"product_tag-solar-lights-for-outdoor","10":"product_tag-solar-street-lamp","11":"product_tag-solar-street-light","12":"product_tag-solar-street-lights","14":"first","15":"instock","16":"sale","17":"shipping-taxable","18":"purchasable","19":"product-type-variable"},"acf":[],"_links":{"self":[{"href":"https:\/\/bestsolarlight.com\/fr\/wp-json\/wp\/v2\/product\/28035","targetHints":{"allow":["GET"]}}],"collection":[{"href":"https:\/\/bestsolarlight.com\/fr\/wp-json\/wp\/v2\/product"}],"about":[{"href":"https:\/\/bestsolarlight.com\/fr\/wp-json\/wp\/v2\/types\/product"}],"replies":[{"embeddable":true,"href":"https:\/\/bestsolarlight.com\/fr\/wp-json\/wp\/v2\/comments?post=28035"}],"version-history":[{"count":0,"href":"https:\/\/bestsolarlight.com\/fr\/wp-json\/wp\/v2\/product\/28035\/revisions"}],"wp:featuredmedia":[{"embeddable":true,"href":"https:\/\/bestsolarlight.com\/fr\/wp-json\/wp\/v2\/media\/28037"}],"wp:attachment":[{"href":"https:\/\/bestsolarlight.com\/fr\/wp-json\/wp\/v2\/media?parent=28035"}],"wp:term":[{"taxonomy":"product_brand","embeddable":true,"href":"https:\/\/bestsolarlight.com\/fr\/wp-json\/wp\/v2\/product_brand?post=28035"},{"taxonomy":"product_cat","embeddable":true,"href":"https:\/\/bestsolarlight.com\/fr\/wp-json\/wp\/v2\/product_cat?post=28035"},{"taxonomy":"product_tag","embeddable":true,"href":"https:\/\/bestsolarlight.com\/fr\/wp-json\/wp\/v2\/product_tag?post=28035"}],"curies":[{"name":"wp","href":"https:\/\/api.w.org\/{rel}","templated":true}]}}