{"id":27908,"date":"2024-11-21T03:37:09","date_gmt":"2024-11-21T03:37:09","guid":{"rendered":"http:\/\/bestsolarlight.com\/?post_type=product&#038;p=27908"},"modified":"2025-09-28T03:47:09","modified_gmt":"2025-09-28T03:47:09","slug":"lampadaires-solaires-integres","status":"publish","type":"product","link":"https:\/\/bestsolarlight.com\/fr\/produit\/lampadaires-solaires-integres\/","title":{"rendered":"Lampes solaires int\u00e9gr\u00e9es tout-en-un"},"content":{"rendered":"<h2 class=\"uabb-heading\">Integrated All In One Solar Street Light<br \/>\nModern LED Street Lights<\/h2>\n<div class=\"uabb-subheading uabb-text-editor\">\n<ul>\n<li>Products Item: BSL-YGSO89<\/li>\n<li>Cat\u00e9gorie\uff1a <a href=\"\/fr\/categorie-produit\/lampadaire-solaire-2\/\">Eclairage public solaire<\/a> \/<a href=\"\/fr\/categorie-produit\/lampadaire-solaire-tout-en-un\/\">Lampes solaires tout-en-un<\/a><\/li>\n<li>Watt:200W 300w 400w 500W Total 4power can be choosed<\/li>\n<li>Robust Construction: Die-cast aluminum housing and PMMA lens with advanced UV protection<\/li>\n<li>Cutting-Edge Technology: High-efficiency LED chips (200-210 lumens\/watt) powered by long-lasting LiFePO4 lithium batteries.<\/li>\n<li>The adjustable range of the rotating lamp<\/li>\n<li>Optimized Light Distribution: Type II light distribution pattern (145\u00b0 x 70\u00b0) for efficient illumination<\/li>\n<li>Reliable Operation: Expect 7-10 years of dependable service from Bestsolarlight&#8217;s all-in-one LED street light<\/li>\n<\/ul>\n<p class=\"uabb-heading\"><strong>All in one solar street light design for quick and easy setup,A solid, budget-friendly choice for your street lighting needs.<\/strong><\/p>\n<\/div>","protected":false},"excerpt":{"rendered":"<ul>\n<li aria-level=\"1\"><b>Mod\u00e8le :<\/b> BSL-YGSO89 Lampadaire solaire int\u00e9gr\u00e9<\/li>\n<li aria-level=\"1\"><b>Conception : <\/b>Structure tout-en-un, \u00e9l\u00e9gante et peu encombrante<\/li>\n<li aria-level=\"1\"><b>Puissance de sortie : <\/b>Offers a 200-210 Lum\/Per Watt with the efficient LED technology<\/li>\n<li aria-level=\"1\"><b>Source de lumi\u00e8re : <\/b>LED \u00e0 \u00e9conomie d'\u00e9nergie et haute luminosit\u00e9<\/li>\n<li aria-level=\"1\"><b>Proposition : <\/b>Capteur ; d\u00e9tection de mouvement intelligente qui r\u00e9duit la dissipation d'\u00e9nergie gr\u00e2ce \u00e0 un contr\u00f4le optimal de l'\u00e9clairage.<\/li>\n<li aria-level=\"1\"><b>Mat\u00e9riau : <\/b>Rev\u00eatement ext\u00e9rieur r\u00e9sistant aux intemp\u00e9ries et \u00e0 la corrosion<\/li>\n<li aria-level=\"1\"><b>Installation : <\/b>Facile et direct ; aucune \u00e9nergie suppl\u00e9mentaire n'est n\u00e9cessaire<\/li>\n<li aria-level=\"1\"><b>Performance : <\/b>Constante et durable en fonction des saisons<\/li>\n<li aria-level=\"1\"><b>Durabilit\u00e9 : <\/b>Diminution de l'empreinte carbone et de la d\u00e9pendance au r\u00e9seau \u00e9lectrique<\/li>\n<li aria-level=\"1\"><b>Type de batterie :<\/b> Lithium-ion<\/li>\n<li><b>Certification :<\/b> CE\/ROHS<\/li>\n<\/ul>","protected":false},"featured_media":27909,"comment_status":"open","ping_status":"closed","template":"","meta":{"_acf_changed":false},"product_brand":[],"product_cat":[75,71],"product_tag":[],"class_list":{"0":"post-27908","1":"product","2":"type-product","3":"status-publish","4":"has-post-thumbnail","6":"product_cat-solar-street-light","7":"product_cat-all-in-one-solar-street-light","9":"first","10":"instock","11":"sale","12":"shipping-taxable","13":"purchasable","14":"product-type-variable","15":"has-default-attributes"},"acf":[],"_links":{"self":[{"href":"https:\/\/bestsolarlight.com\/fr\/wp-json\/wp\/v2\/product\/27908","targetHints":{"allow":["GET"]}}],"collection":[{"href":"https:\/\/bestsolarlight.com\/fr\/wp-json\/wp\/v2\/product"}],"about":[{"href":"https:\/\/bestsolarlight.com\/fr\/wp-json\/wp\/v2\/types\/product"}],"replies":[{"embeddable":true,"href":"https:\/\/bestsolarlight.com\/fr\/wp-json\/wp\/v2\/comments?post=27908"}],"version-history":[{"count":0,"href":"https:\/\/bestsolarlight.com\/fr\/wp-json\/wp\/v2\/product\/27908\/revisions"}],"wp:featuredmedia":[{"embeddable":true,"href":"https:\/\/bestsolarlight.com\/fr\/wp-json\/wp\/v2\/media\/27909"}],"wp:attachment":[{"href":"https:\/\/bestsolarlight.com\/fr\/wp-json\/wp\/v2\/media?parent=27908"}],"wp:term":[{"taxonomy":"product_brand","embeddable":true,"href":"https:\/\/bestsolarlight.com\/fr\/wp-json\/wp\/v2\/product_brand?post=27908"},{"taxonomy":"product_cat","embeddable":true,"href":"https:\/\/bestsolarlight.com\/fr\/wp-json\/wp\/v2\/product_cat?post=27908"},{"taxonomy":"product_tag","embeddable":true,"href":"https:\/\/bestsolarlight.com\/fr\/wp-json\/wp\/v2\/product_tag?post=27908"}],"curies":[{"name":"wp","href":"https:\/\/api.w.org\/{rel}","templated":true}]}}