{"id":9,"date":"2024-11-18T11:51:49","date_gmt":"2024-11-18T11:51:49","guid":{"rendered":"http:\/\/bestsolarlight.com\/?page_id=9"},"modified":"2025-07-07T12:45:19","modified_gmt":"2025-07-07T12:45:19","slug":"remboursement-retours","status":"publish","type":"page","link":"https:\/\/bestsolarlight.com\/fr\/remboursement-retours\/","title":{"rendered":"Politique de remboursement et de retour"},"content":{"rendered":"<div data-elementor-type=\"wp-page\" data-elementor-id=\"9\" class=\"elementor elementor-9\" data-elementor-post-type=\"page\">\n\t\t\t\t<div class=\"elementor-element elementor-element-2b9e0716 e-flex e-con-boxed e-con e-parent\" data-id=\"2b9e0716\" data-element_type=\"container\" data-settings=\"{&quot;ekit_has_onepagescroll_dot&quot;:&quot;yes&quot;}\">\n\t\t\t\t\t<div class=\"e-con-inner\">\n\t\t\t\t<div class=\"elementor-element elementor-element-26b63d10 color-scheme-inherit text-left elementor-widget elementor-widget-text-editor\" data-id=\"26b63d10\" data-element_type=\"widget\" data-settings=\"{&quot;ekit_we_effect_on&quot;:&quot;none&quot;}\" data-widget_type=\"text-editor.default\">\n\t\t\t\t<div class=\"elementor-widget-container\">\n\t\t\t\t\t\t\t\t\t<p><b>Il s'agit d'une page d'exemple qui explique les modalit\u00e9s de remboursement et de retour de l'\u00e9chantillon.<\/b><\/p>\n<p><!-- \/wp:paragraph --><!-- wp:heading --><\/p>\n<h1>Vue d'ensemble<\/h1>\n<p><!-- \/wp:heading --><!-- wp:paragraph --><\/p>\n<p>Les \u00e9chantillons personnalis\u00e9s ne sont ni repris ni \u00e9chang\u00e9s, sauf en cas de d\u00e9fauts fonctionnels rendant le produit inutilisable.<\/p>\n<p>Pour les produits en stock, les retours peuvent \u00eatre accord\u00e9s \u00e0 condition que les \u00e9chantillons n'aient pas \u00e9t\u00e9 utilis\u00e9s et que l'emballage d'origine ne soit pas endommag\u00e9 afin de garantir qu'ils puissent \u00eatre revendus.<\/p>\n<h2 class=\"wp-block-heading\">Frais de retour et de remboursement de l'\u00e9chantillon<\/h2>\n<p>Les clients sont responsables de tous les frais d'exp\u00e9dition li\u00e9s au retour ou \u00e0 l'\u00e9change des \u00e9chantillons (sauf en cas de probl\u00e8mes fonctionnels). Si les \u00e9chantillons sont perdus ou endommag\u00e9s pendant le transport, le co\u00fbt de l'\u00e9chantillon ne sera pas rembours\u00e9.<\/p>\n<h2 class=\"wp-block-heading\">Notes<\/h2>\n<p>Pour les \u00e9chantillons personnalis\u00e9s, veuillez consulter le formulaire de commande d'\u00e9chantillons pour conna\u00eetre les conditions sp\u00e9cifiques.<\/p>\n<p><\/p>\n<p><!-- \/wp:paragraph --><!-- wp:paragraph --><!-- \/wp:list --><!-- wp:paragraph --><\/p>\n<p><!-- \/wp:paragraph --><!-- wp:paragraph --><\/p>\n<h2>Vous avez des questions ? Besoin d'aide ?<\/h2>\n<p><!-- \/wp:paragraph --><!-- wp:paragraph --><\/p>\n<p>Notre \u00e9quipe de service est heureuse de r\u00e9pondre \u00e0 toutes vos questions, contactez-nous \u00e0 l'adresse info@bestsolarlight.com ou au num\u00e9ro de t\u00e9l\u00e9phone suivant : +8615307609699<\/p>\n<p><!-- \/wp:paragraph --><\/p>\t\t\t\t\t\t\t\t<\/div>\n\t\t\t\t<\/div>\n\t\t\t\t\t<\/div>\n\t\t\t\t<\/div>\n\t\t\t\t<\/div>","protected":false},"excerpt":{"rendered":"<p>Il s'agit d'une page d'exemple expliquant les modalit\u00e9s de remboursement et de retour des \u00e9chantillons. Vue d'ensemble Les \u00e9chantillons personnalis\u00e9s ne sont ni remboursables ni \u00e9changeables, \u00e0 l'exception de<\/p>","protected":false},"author":1,"featured_media":0,"parent":0,"menu_order":0,"comment_status":"closed","ping_status":"closed","template":"elementor_header_footer","meta":{"_acf_changed":false,"footnotes":""},"class_list":["post-9","page","type-page","status-publish","hentry"],"acf":[],"_links":{"self":[{"href":"https:\/\/bestsolarlight.com\/fr\/wp-json\/wp\/v2\/pages\/9","targetHints":{"allow":["GET"]}}],"collection":[{"href":"https:\/\/bestsolarlight.com\/fr\/wp-json\/wp\/v2\/pages"}],"about":[{"href":"https:\/\/bestsolarlight.com\/fr\/wp-json\/wp\/v2\/types\/page"}],"author":[{"embeddable":true,"href":"https:\/\/bestsolarlight.com\/fr\/wp-json\/wp\/v2\/users\/1"}],"replies":[{"embeddable":true,"href":"https:\/\/bestsolarlight.com\/fr\/wp-json\/wp\/v2\/comments?post=9"}],"version-history":[{"count":0,"href":"https:\/\/bestsolarlight.com\/fr\/wp-json\/wp\/v2\/pages\/9\/revisions"}],"wp:attachment":[{"href":"https:\/\/bestsolarlight.com\/fr\/wp-json\/wp\/v2\/media?parent=9"}],"curies":[{"name":"wp","href":"https:\/\/api.w.org\/{rel}","templated":true}]}}