{"id":6,"date":"2024-11-16T07:33:59","date_gmt":"2024-11-16T07:33:59","guid":{"rendered":"http:\/\/bestsolarlight.com\/?page_id=6"},"modified":"2025-07-07T07:48:24","modified_gmt":"2025-07-07T07:48:24","slug":"chariot","status":"publish","type":"page","link":"https:\/\/bestsolarlight.com\/fr\/chariot\/","title":{"rendered":"Chariot"},"content":{"rendered":"<div data-block-name=\"woocommerce\/cart\" class=\"wp-block-woocommerce-cart alignwide is-loading\">\n<div data-block-name=\"woocommerce\/filled-cart-block\" class=\"wp-block-woocommerce-filled-cart-block\">\n<div data-block-name=\"woocommerce\/cart-items-block\" class=\"wp-block-woocommerce-cart-items-block\">\n<div data-block-name=\"woocommerce\/cart-line-items-block\" class=\"wp-block-woocommerce-cart-line-items-block\"><\/div>\n\n\n\n<div data-block-name=\"woocommerce\/cart-cross-sells-block\" class=\"wp-block-woocommerce-cart-cross-sells-block\">\n<h2 class=\"wp-block-heading has-large-font-size\">Vous pourriez \u00eatre int\u00e9ress\u00e9 par...<\/h2>\n\n\n\n<div data-block-name=\"woocommerce\/cart-cross-sells-products-block\" class=\"wp-block-woocommerce-cart-cross-sells-products-block\"><\/div>\n<\/div>\n<\/div>\n\n\n\n<div data-block-name=\"woocommerce\/cart-totals-block\" class=\"wp-block-woocommerce-cart-totals-block\">\n<div data-block-name=\"woocommerce\/cart-order-summary-block\" class=\"wp-block-woocommerce-cart-order-summary-block\">\n<div data-block-name=\"woocommerce\/cart-order-summary-heading-block\" class=\"wp-block-woocommerce-cart-order-summary-heading-block\"><\/div><div data-block-name=\"woocommerce\/cart-order-summary-coupon-form-block\" class=\"wp-block-woocommerce-cart-order-summary-coupon-form-block\"><\/div><div data-block-name=\"woocommerce\/cart-order-summary-totals-block\" class=\"wp-block-woocommerce-cart-order-summary-totals-block\">\n<div data-block-name=\"woocommerce\/cart-order-summary-subtotal-block\" class=\"wp-block-woocommerce-cart-order-summary-subtotal-block\"><\/div>\n<div data-block-name=\"woocommerce\/cart-order-summary-discount-block\" class=\"wp-block-woocommerce-cart-order-summary-discount-block\"><\/div>\n<div data-block-name=\"woocommerce\/cart-order-summary-fee-block\" class=\"wp-block-woocommerce-cart-order-summary-fee-block\"><\/div>\n<div data-block-name=\"woocommerce\/cart-order-summary-shipping-block\" class=\"wp-block-woocommerce-cart-order-summary-shipping-block\"><\/div>\n<div data-block-name=\"woocommerce\/cart-order-summary-taxes-block\" class=\"wp-block-woocommerce-cart-order-summary-taxes-block\"><\/div><\/div>\n<\/div>\n\n\n\n<div data-block-name=\"woocommerce\/cart-express-payment-block\" class=\"wp-block-woocommerce-cart-express-payment-block\"><\/div>\n\n\n\n<div data-block-name=\"woocommerce\/proceed-to-checkout-block\" class=\"wp-block-woocommerce-proceed-to-checkout-block\"><\/div>\n\n\n\n<div data-block-name=\"woocommerce\/cart-accepted-payment-methods-block\" class=\"wp-block-woocommerce-cart-accepted-payment-methods-block\"><\/div>\n<\/div>\n<\/div>\n\n\n\n<div data-block-name=\"woocommerce\/empty-cart-block\" class=\"wp-block-woocommerce-empty-cart-block\">\n<h2 class=\"wp-block-heading has-text-align-center with-empty-cart-icon wc-block-cart__empty-cart__title\">Votre panier est actuellement vide !<\/h2>\n\n\n\n<hr class=\"wp-block-separator has-alpha-channel-opacity is-style-dots\"\/>\n\n\n\n<h2 class=\"wp-block-heading has-text-align-center\">Nouveau en magasin<\/h2>\n\n\n<div data-block-name=\"woocommerce\/product-new\" data-columns=\"4\" data-rows=\"1\" class=\"wc-block-grid wp-block-product-new wp-block-woocommerce-product-new wc-block-product-new has-4-columns\"><ul class=\"wc-block-grid__products\"><li class=\"wc-block-grid__product\">\n\t\t\t\t<a href=\"https:\/\/bestsolarlight.com\/fr\/produit\/lampes-de-jardin-solaires-rondes\/\" class=\"wc-block-grid__product-link\">\n\t\t\t\t\t<div class=\"wc-block-grid__product-onsale\">\n\t\t\t<span aria-hidden=\"true\" data-no-translation=\"\" data-trp-gettext=\"\">Promo<\/span>\n\t\t\t<span class=\"screen-reader-text\" data-no-translation=\"\" data-trp-gettext=\"\">Produit en promotion<\/span>\n\t\t<\/div>\n\t\t\t\t\t<div class=\"wc-block-grid__product-image\"><img fetchpriority=\"high\" decoding=\"async\" width=\"430\" height=\"430\" src=\"https:\/\/bestsolarlight.com\/wp-content\/uploads\/2025\/02\/Round-solar-garden-light-1-430x430.jpg\" class=\"attachment-woocommerce_thumbnail size-woocommerce_thumbnail\" alt=\"Lampes solaires rondes de jardin\" srcset=\"https:\/\/bestsolarlight.com\/wp-content\/uploads\/2025\/02\/Round-solar-garden-light-1-430x430.jpg 430w, https:\/\/bestsolarlight.com\/wp-content\/uploads\/2025\/02\/Round-solar-garden-light-1-300x300.jpg 300w, https:\/\/bestsolarlight.com\/wp-content\/uploads\/2025\/02\/Round-solar-garden-light-1-150x150.jpg 150w, https:\/\/bestsolarlight.com\/wp-content\/uploads\/2025\/02\/Round-solar-garden-light-1-768x768.jpg 768w, https:\/\/bestsolarlight.com\/wp-content\/uploads\/2025\/02\/Round-solar-garden-light-1-700x700.jpg 700w, https:\/\/bestsolarlight.com\/wp-content\/uploads\/2025\/02\/Round-solar-garden-light-1.jpg 800w\" sizes=\"(max-width: 430px) 100vw, 430px\" \/><\/div>\n\t\t\t\t\t<div class=\"wc-block-grid__product-title\">Lampe solaire ronde de jardin Batterie avec d\u00e9tecteur pour l'ext\u00e9rieur Top Post Solar Light<\/div>\n\t\t\t\t<\/a>\n\t\t\t\t<div class=\"wc-block-grid__product-price price\"><span class=\"woocommerce-Price-amount amount\" aria-hidden=\"true\"><span class=\"woocommerce-Price-currencySymbol\">&#036;<\/span>18.85<\/span> <span aria-hidden=\"true\">\u00a0\u2013\u00a0<\/span> <span class=\"woocommerce-Price-amount amount\" aria-hidden=\"true\"><span class=\"woocommerce-Price-currencySymbol\">&#036;<\/span>24.50<\/span><span class=\"screen-reader-text\" data-no-translation=\"\" data-trp-gettext=\"\">Plage de prix\u00a0: &#036;18.85 \u00e0 &#036;24.50<\/span><\/div>\n\t\t\t\t\n\t\t\t\t<div class=\"wp-block-button wc-block-grid__product-add-to-cart\"><a href=\"https:\/\/bestsolarlight.com\/fr\/produit\/lampes-de-jardin-solaires-rondes\/\" aria-label=\"S\u00e9lectionner les options pour \u201cRound Solar Garden Lights Battery with Sensor for Outdoor Top Post Solar Light\u201d\" data-quantity=\"1\" data-product_id=\"30144\" data-product_sku=\"BSL-YGSO348\" data-price=\"18.85\" rel=\"nofollow\" class=\"wp-block-button__link  add_to_cart_button\" data-no-translation=\"\" data-trp-gettext=\"\" data-no-translation-aria-label=\"\">Choix des options<\/a><\/div>\n\t\t\t<\/li><li class=\"wc-block-grid__product\">\n\t\t\t\t<a href=\"https:\/\/bestsolarlight.com\/fr\/produit\/lampadaire-a-energie-solaire\/\" class=\"wc-block-grid__product-link\">\n\t\t\t\t\t<div class=\"wc-block-grid__product-onsale\">\n\t\t\t<span aria-hidden=\"true\" data-no-translation=\"\" data-trp-gettext=\"\">Promo<\/span>\n\t\t\t<span class=\"screen-reader-text\" data-no-translation=\"\" data-trp-gettext=\"\">Produit en promotion<\/span>\n\t\t<\/div>\n\t\t\t\t\t<div class=\"wc-block-grid__product-image\"><img decoding=\"async\" width=\"430\" height=\"430\" src=\"https:\/\/bestsolarlight.com\/wp-content\/uploads\/2025\/02\/DSC_0282-430x430.jpg\" class=\"attachment-woocommerce_thumbnail size-woocommerce_thumbnail\" alt=\"Lampes de rue \u00e0 \u00e9nergie solaire\" srcset=\"https:\/\/bestsolarlight.com\/wp-content\/uploads\/2025\/02\/DSC_0282-430x430.jpg 430w, https:\/\/bestsolarlight.com\/wp-content\/uploads\/2025\/02\/DSC_0282-300x300.jpg 300w, https:\/\/bestsolarlight.com\/wp-content\/uploads\/2025\/02\/DSC_0282-800x800.jpg 800w, https:\/\/bestsolarlight.com\/wp-content\/uploads\/2025\/02\/DSC_0282-150x150.jpg 150w, https:\/\/bestsolarlight.com\/wp-content\/uploads\/2025\/02\/DSC_0282-768x768.jpg 768w, https:\/\/bestsolarlight.com\/wp-content\/uploads\/2025\/02\/DSC_0282-1536x1536.jpg 1536w, https:\/\/bestsolarlight.com\/wp-content\/uploads\/2025\/02\/DSC_0282-2048x2048.jpg 2048w, https:\/\/bestsolarlight.com\/wp-content\/uploads\/2025\/02\/DSC_0282-700x700.jpg 700w\" sizes=\"(max-width: 430px) 100vw, 430px\" \/><\/div>\n\t\t\t\t\t<div class=\"wc-block-grid__product-title\">Lampadaire \u00e0 \u00e9nergie solaire \u00e0 faible co\u00fbt<\/div>\n\t\t\t\t<\/a>\n\t\t\t\t<div class=\"wc-block-grid__product-price price\"><del aria-hidden=\"true\"><span class=\"woocommerce-Price-amount amount\"><span class=\"woocommerce-Price-currencySymbol\">&#036;<\/span>7.50<\/span><\/del> <span class=\"screen-reader-text\" data-no-translation=\"\" data-trp-gettext=\"\">Le prix initial \u00e9tait\u00a0: &#036;7.50.<\/span><ins aria-hidden=\"true\"><span class=\"woocommerce-Price-amount amount\"><span class=\"woocommerce-Price-currencySymbol\">&#036;<\/span>5.50<\/span><\/ins><span class=\"screen-reader-text\" data-no-translation=\"\" data-trp-gettext=\"\">Le prix actuel est\u00a0: &#036;5.50.<\/span><\/div>\n\t\t\t\t\n\t\t\t\t<div class=\"wp-block-button wc-block-grid__product-add-to-cart\"><a href=\"?add-to-cart=29891\" aria-label=\"Ajouter au panier\u00a0: \u201cLow-Cost Solar Energy Street Light\u201d\" data-quantity=\"1\" data-product_id=\"29891\" data-product_sku=\"BSL-YGSO12-300W\" data-price=\"5.5\" rel=\"nofollow\" class=\"wp-block-button__link  add_to_cart_button ajax_add_to_cart\" data-no-translation=\"\" data-trp-gettext=\"\" data-no-translation-aria-label=\"\">Ajouter au panier<\/a><\/div>\n\t\t\t<\/li><li class=\"wc-block-grid__product\">\n\t\t\t\t<a href=\"https:\/\/bestsolarlight.com\/fr\/produit\/lampes-dinondation-alimentees-par-lenergie-solaire\/\" class=\"wc-block-grid__product-link\">\n\t\t\t\t\t<div class=\"wc-block-grid__product-onsale\">\n\t\t\t<span aria-hidden=\"true\" data-no-translation=\"\" data-trp-gettext=\"\">Promo<\/span>\n\t\t\t<span class=\"screen-reader-text\" data-no-translation=\"\" data-trp-gettext=\"\">Produit en promotion<\/span>\n\t\t<\/div>\n\t\t\t\t\t<div class=\"wc-block-grid__product-image\"><img decoding=\"async\" width=\"430\" height=\"430\" src=\"https:\/\/bestsolarlight.com\/wp-content\/uploads\/2025\/02\/mail-products-430x430.jpg\" class=\"attachment-woocommerce_thumbnail size-woocommerce_thumbnail\" alt=\"Lampes d&#039;inondation \u00e0 \u00e9nergie solaire\" srcset=\"https:\/\/bestsolarlight.com\/wp-content\/uploads\/2025\/02\/mail-products-430x430.jpg 430w, https:\/\/bestsolarlight.com\/wp-content\/uploads\/2025\/02\/mail-products-300x300.jpg 300w, https:\/\/bestsolarlight.com\/wp-content\/uploads\/2025\/02\/mail-products-800x800.jpg 800w, https:\/\/bestsolarlight.com\/wp-content\/uploads\/2025\/02\/mail-products-150x150.jpg 150w, https:\/\/bestsolarlight.com\/wp-content\/uploads\/2025\/02\/mail-products-768x768.jpg 768w, https:\/\/bestsolarlight.com\/wp-content\/uploads\/2025\/02\/mail-products-1536x1536.jpg 1536w, https:\/\/bestsolarlight.com\/wp-content\/uploads\/2025\/02\/mail-products-2048x2048.jpg 2048w, https:\/\/bestsolarlight.com\/wp-content\/uploads\/2025\/02\/mail-products-700x700.jpg 700w\" sizes=\"(max-width: 430px) 100vw, 430px\" \/><\/div>\n\t\t\t\t\t<div class=\"wc-block-grid__product-title\">300W Flood Lights Solar Powered for Outdoor Use (feux d'inondation \u00e0 \u00e9nergie solaire pour l'ext\u00e9rieur)<\/div>\n\t\t\t\t<\/a>\n\t\t\t\t<div class=\"wc-block-grid__product-price price\"><del aria-hidden=\"true\"><span class=\"woocommerce-Price-amount amount\"><span class=\"woocommerce-Price-currencySymbol\">&#036;<\/span>7.50<\/span><\/del> <span class=\"screen-reader-text\" data-no-translation=\"\" data-trp-gettext=\"\">Le prix initial \u00e9tait\u00a0: &#036;7.50.<\/span><ins aria-hidden=\"true\"><span class=\"woocommerce-Price-amount amount\"><span class=\"woocommerce-Price-currencySymbol\">&#036;<\/span>5.50<\/span><\/ins><span class=\"screen-reader-text\" data-no-translation=\"\" data-trp-gettext=\"\">Le prix actuel est\u00a0: &#036;5.50.<\/span><\/div>\n\t\t\t\t\n\t\t\t\t<div class=\"wp-block-button wc-block-grid__product-add-to-cart\"><a href=\"?add-to-cart=29875\" aria-label=\"Ajouter au panier\u00a0: \u201c300W Flood Lights Solar Powered for Outdoor Use\u201d\" data-quantity=\"1\" data-product_id=\"29875\" data-product_sku=\"BSL-YGSO02-300W\" data-price=\"5.5\" rel=\"nofollow\" class=\"wp-block-button__link  add_to_cart_button ajax_add_to_cart\" data-no-translation=\"\" data-trp-gettext=\"\" data-no-translation-aria-label=\"\">Ajouter au panier<\/a><\/div>\n\t\t\t<\/li><li class=\"wc-block-grid__product\">\n\t\t\t\t<a href=\"https:\/\/bestsolarlight.com\/fr\/produit\/eclairage-public-solaire\/\" class=\"wc-block-grid__product-link\">\n\t\t\t\t\t<div class=\"wc-block-grid__product-onsale\">\n\t\t\t<span aria-hidden=\"true\" data-no-translation=\"\" data-trp-gettext=\"\">Promo<\/span>\n\t\t\t<span class=\"screen-reader-text\" data-no-translation=\"\" data-trp-gettext=\"\">Produit en promotion<\/span>\n\t\t<\/div>\n\t\t\t\t\t<div class=\"wc-block-grid__product-image\"><img loading=\"lazy\" decoding=\"async\" width=\"430\" height=\"430\" src=\"https:\/\/bestsolarlight.com\/wp-content\/uploads\/2025\/02\/solar-street-light-all-in-one-2-430x430.jpg\" class=\"attachment-woocommerce_thumbnail size-woocommerce_thumbnail\" alt=\"Lampes de rue solaires\" srcset=\"https:\/\/bestsolarlight.com\/wp-content\/uploads\/2025\/02\/solar-street-light-all-in-one-2-430x430.jpg 430w, https:\/\/bestsolarlight.com\/wp-content\/uploads\/2025\/02\/solar-street-light-all-in-one-2-300x300.jpg 300w, https:\/\/bestsolarlight.com\/wp-content\/uploads\/2025\/02\/solar-street-light-all-in-one-2-150x150.jpg 150w, https:\/\/bestsolarlight.com\/wp-content\/uploads\/2025\/02\/solar-street-light-all-in-one-2-768x768.jpg 768w, https:\/\/bestsolarlight.com\/wp-content\/uploads\/2025\/02\/solar-street-light-all-in-one-2-700x700.jpg 700w, https:\/\/bestsolarlight.com\/wp-content\/uploads\/2025\/02\/solar-street-light-all-in-one-2.jpg 800w\" sizes=\"(max-width: 430px) 100vw, 430px\" \/><\/div>\n\t\t\t\t\t<div class=\"wc-block-grid__product-title\">Lampadaire solaire 3600Watt<\/div>\n\t\t\t\t<\/a>\n\t\t\t\t<div class=\"wc-block-grid__product-price price\"><span class=\"woocommerce-Price-amount amount\" aria-hidden=\"true\"><span class=\"woocommerce-Price-currencySymbol\">&#036;<\/span>11.00<\/span> <span aria-hidden=\"true\">\u00a0\u2013\u00a0<\/span> <span class=\"woocommerce-Price-amount amount\" aria-hidden=\"true\"><span class=\"woocommerce-Price-currencySymbol\">&#036;<\/span>22.00<\/span><span class=\"screen-reader-text\" data-no-translation=\"\" data-trp-gettext=\"\">Plage de prix\u00a0: &#036;11.00 \u00e0 &#036;22.00<\/span><\/div>\n\t\t\t\t\n\t\t\t\t<div class=\"wp-block-button wc-block-grid__product-add-to-cart\"><a href=\"https:\/\/bestsolarlight.com\/fr\/produit\/eclairage-public-solaire\/\" aria-label=\"S\u00e9lectionner les options pour \u201c3600Watt Solar Street Light\u201d\" data-quantity=\"1\" data-product_id=\"29844\" data-product_sku=\"BSL-YGSO349\" data-price=\"11\" rel=\"nofollow\" class=\"wp-block-button__link  add_to_cart_button\" data-no-translation=\"\" data-trp-gettext=\"\" data-no-translation-aria-label=\"\">Choix des options<\/a><\/div>\n\t\t\t<\/li><\/ul><\/div><\/div>\n<\/div>","protected":false},"excerpt":{"rendered":"","protected":false},"author":1,"featured_media":0,"parent":0,"menu_order":0,"comment_status":"closed","ping_status":"closed","template":"","meta":{"_acf_changed":false,"footnotes":""},"class_list":["post-6","page","type-page","status-publish","hentry"],"acf":[],"_links":{"self":[{"href":"https:\/\/bestsolarlight.com\/fr\/wp-json\/wp\/v2\/pages\/6","targetHints":{"allow":["GET"]}}],"collection":[{"href":"https:\/\/bestsolarlight.com\/fr\/wp-json\/wp\/v2\/pages"}],"about":[{"href":"https:\/\/bestsolarlight.com\/fr\/wp-json\/wp\/v2\/types\/page"}],"author":[{"embeddable":true,"href":"https:\/\/bestsolarlight.com\/fr\/wp-json\/wp\/v2\/users\/1"}],"replies":[{"embeddable":true,"href":"https:\/\/bestsolarlight.com\/fr\/wp-json\/wp\/v2\/comments?post=6"}],"version-history":[{"count":0,"href":"https:\/\/bestsolarlight.com\/fr\/wp-json\/wp\/v2\/pages\/6\/revisions"}],"wp:attachment":[{"href":"https:\/\/bestsolarlight.com\/fr\/wp-json\/wp\/v2\/media?parent=6"}],"curies":[{"name":"wp","href":"https:\/\/api.w.org\/{rel}","templated":true}]}}