{"id":3,"date":"2024-11-16T07:33:25","date_gmt":"2024-11-16T07:33:25","guid":{"rendered":"http:\/\/bestsolarlight.com\/?page_id=3"},"modified":"2025-07-03T11:29:44","modified_gmt":"2025-07-03T11:29:44","slug":"politique-de-confidentialite","status":"publish","type":"page","link":"https:\/\/bestsolarlight.com\/fr\/politique-de-confidentialite\/","title":{"rendered":"Politique de confidentialit\u00e9"},"content":{"rendered":"<div data-elementor-type=\"wp-page\" data-elementor-id=\"3\" class=\"elementor elementor-3\" data-elementor-post-type=\"page\">\n\t\t\t\t<div class=\"elementor-element elementor-element-68270673 e-flex e-con-boxed e-con e-parent\" data-id=\"68270673\" data-element_type=\"container\" data-settings=\"{&quot;ekit_has_onepagescroll_dot&quot;:&quot;yes&quot;}\">\n\t\t\t\t\t<div class=\"e-con-inner\">\n\t\t\t\t<div class=\"elementor-element elementor-element-6ff65e14 color-scheme-inherit text-left elementor-widget elementor-widget-text-editor\" data-id=\"6ff65e14\" data-element_type=\"widget\" data-settings=\"{&quot;ekit_we_effect_on&quot;:&quot;none&quot;}\" data-widget_type=\"text-editor.default\">\n\t\t\t\t<div class=\"elementor-widget-container\">\n\t\t\t\t\t\t\t\t\t<p><\/p>\n<h1 class=\"wp-block-heading\">Qui sommes-nous ?<\/h1>\n<p><\/p>\n<p>L'adresse de notre site web est la suivante : http:\/\/bestsolarlight.com.<\/p>\n<p><\/p>\n<h2 class=\"wp-block-heading\">Commentaires<\/h2>\n<p><\/p>\n<p>Lorsque vous laissez un commentaire, nous recueillons les informations que vous saisissez dans le formulaire, y compris votre adresse IP et les d\u00e9tails de votre navigateur. Cela nous aide \u00e0 pr\u00e9venir le spam et \u00e0 am\u00e9liorer votre exp\u00e9rience. Si vous avez un compte Gravatar, un code anonyme (hash) d\u00e9riv\u00e9 de votre adresse e-mail peut \u00eatre envoy\u00e9 \u00e0 Gravatar pour voir si vous avez une photo de profil. La politique de confidentialit\u00e9 de Gravatar est disponible ici : http:\/\/bestsolarlight.com\/privacy-policy\/. Votre photo de profil ne sera affich\u00e9e publiquement qu'apr\u00e8s l'approbation de votre commentaire.<\/p>\n<p><\/p>\n<h2 class=\"wp-block-heading\">Les m\u00e9dias<\/h2>\n<p><\/p>\n<p>Lorsque vous t\u00e9l\u00e9chargez des images, faites attention aux donn\u00e9es de localisation int\u00e9gr\u00e9es (EXIF GPS). Ces donn\u00e9es peuvent \u00eatre extraites par les visiteurs du site web, r\u00e9v\u00e9lant potentiellement votre emplacement. Pour prot\u00e9ger votre vie priv\u00e9e, nous vous sugg\u00e9rons de supprimer ces informations avant de t\u00e9l\u00e9charger vos images.<\/p>\n<p><\/p>\n<h2 class=\"wp-block-heading\">Cookies<\/h2>\n<p><\/p>\n<p>Pour votre confort, nous vous offrons la possibilit\u00e9 d'enregistrer votre nom, votre adresse \u00e9lectronique et les informations relatives \u00e0 votre site web dans des cookies lorsque vous laissez un commentaire. Cela vous permet de commenter rapidement \u00e0 l'avenir sans avoir \u00e0 saisir \u00e0 nouveau vos coordonn\u00e9es. Ces cookies expirent au bout d'un an<\/p>\n<p><\/p>\n<p>Pour garantir une exp\u00e9rience fluide, nous utilisons un cookie temporaire pour v\u00e9rifier si votre navigateur accepte les cookies. Ce cookie ne stocke aucune information personnelle et est supprim\u00e9 lorsque vous fermez votre navigateur.<\/p>\n<p><\/p>\n<p>Lorsque vous vous connectez, nous utilisons des cookies pour enregistrer vos identifiants de connexion et vos pr\u00e9f\u00e9rences d'affichage. Les cookies de connexion expirent g\u00e9n\u00e9ralement au bout de deux jours. Si vous s\u00e9lectionnez l'option \"Se souvenir de moi\", votre connexion sera conserv\u00e9e pendant deux semaines. Lorsque vous vous d\u00e9connectez, ces cookies sont supprim\u00e9s.<\/p>\n<p><\/p>\n<p>Lorsque vous modifiez ou publiez un article, un cookie temporaire est utilis\u00e9 pour suivre l'ID de l'article. Ce cookie ne stocke pas de donn\u00e9es personnelles et expire au bout d'un jour.<\/p>\n<p><\/p>\n<h2 class=\"wp-block-heading\">Contenu int\u00e9gr\u00e9 \u00e0 partir de sources externes<\/h2>\n<p><\/p>\n<p>Ce site peut contenir du contenu int\u00e9gr\u00e9 provenant d'autres sites web, comme des vid\u00e9os ou des images. Lorsque vous visualisez ce contenu int\u00e9gr\u00e9, il fonctionne comme si vous visitiez directement le site web source.<\/p>\n<p><\/p>\n<p>Les sites web qui fournissent du contenu int\u00e9gr\u00e9 peuvent collecter des donn\u00e9es vous concernant, utiliser des cookies et int\u00e9grer des outils de suivi suppl\u00e9mentaires. Ils peuvent \u00e9galement suivre votre interaction avec le contenu int\u00e9gr\u00e9, en particulier si vous avez un compte sur le site web et que vous \u00eates connect\u00e9.<\/p>\n<p><\/p>\n<h2 class=\"wp-block-heading\">Avec qui partageons-nous vos donn\u00e9es ?<\/h2>\n<p><\/p>\n<p>Afin de v\u00e9rifier votre identit\u00e9, votre adresse IP sera incluse dans l'e-mail de r\u00e9initialisation du mot de passe.<\/p>\n<p><\/p>\n<h2 class=\"wp-block-heading\">Pendant combien de temps vos informations seront-elles conserv\u00e9es ?<\/h2>\n<p><\/p>\n<p>Pour faciliter la r\u00e9daction des commentaires, nous stockons vos commentaires et les informations qui s'y rapportent. Cela nous permet d'approuver automatiquement vos futurs commentaires, de sorte que vous n'ayez pas \u00e0 attendre la mod\u00e9ration.<\/p>\n<p><\/p>\n<p>Si vous cr\u00e9ez un compte sur notre site web, vous pouvez g\u00e9rer vos informations personnelles. Vous pouvez les consulter, les modifier ou les supprimer \u00e0 tout moment, \u00e0 l'exception de votre nom d'utilisateur. Les administrateurs de notre site web peuvent \u00e9galement acc\u00e9der \u00e0 ces informations<\/p>\n<p><\/p>\n<h2 class=\"wp-block-heading\">Quels sont vos droits en mati\u00e8re de propri\u00e9t\u00e9 des donn\u00e9es ?<\/h2>\n<p><\/p>\n<p>Si vous avez un compte ou si vous avez fait un commentaire sur notre site, vous pouvez nous demander de vous fournir une copie de vos informations personnelles ou de les supprimer. Veuillez noter que nous pouvons \u00eatre amen\u00e9s \u00e0 conserver certaines informations pour des raisons juridiques.<\/p>\n<p><\/p>\n<h2 class=\"wp-block-heading\">O\u00f9 vos donn\u00e9es sont-elles envoy\u00e9es ?<\/h2>\n<p><\/p>\n<p>Pour prot\u00e9ger notre site contre le spam, nous utilisons un logiciel automatis\u00e9 pour filtrer les commentaires des visiteurs.<\/p>\n<p><\/p>\t\t\t\t\t\t\t\t<\/div>\n\t\t\t\t<\/div>\n\t\t\t\t\t<\/div>\n\t\t\t\t<\/div>\n\t\t\t\t<\/div>","protected":false},"excerpt":{"rendered":"<p>Qui sommes-nous ? L'adresse de notre site web est la suivante : http:\/\/bestsolarlight.com. Commentaires Lorsque vous laissez un commentaire, nous recueillons les informations que vous saisissez<\/p>","protected":false},"author":1,"featured_media":0,"parent":0,"menu_order":0,"comment_status":"closed","ping_status":"open","template":"elementor_header_footer","meta":{"_acf_changed":false,"footnotes":""},"class_list":["post-3","page","type-page","status-publish","hentry"],"acf":[],"_links":{"self":[{"href":"https:\/\/bestsolarlight.com\/fr\/wp-json\/wp\/v2\/pages\/3","targetHints":{"allow":["GET"]}}],"collection":[{"href":"https:\/\/bestsolarlight.com\/fr\/wp-json\/wp\/v2\/pages"}],"about":[{"href":"https:\/\/bestsolarlight.com\/fr\/wp-json\/wp\/v2\/types\/page"}],"author":[{"embeddable":true,"href":"https:\/\/bestsolarlight.com\/fr\/wp-json\/wp\/v2\/users\/1"}],"replies":[{"embeddable":true,"href":"https:\/\/bestsolarlight.com\/fr\/wp-json\/wp\/v2\/comments?post=3"}],"version-history":[{"count":0,"href":"https:\/\/bestsolarlight.com\/fr\/wp-json\/wp\/v2\/pages\/3\/revisions"}],"wp:attachment":[{"href":"https:\/\/bestsolarlight.com\/fr\/wp-json\/wp\/v2\/media?parent=3"}],"curies":[{"name":"wp","href":"https:\/\/api.w.org\/{rel}","templated":true}]}}