{"id":28100,"date":"2024-11-22T12:13:33","date_gmt":"2024-11-22T12:13:33","guid":{"rendered":"http:\/\/bestsolarlight.com\/?post_type=product&#038;p=28100"},"modified":"2025-08-09T12:15:42","modified_gmt":"2025-08-09T12:15:42","slug":"farola-solar-led","status":"publish","type":"product","link":"https:\/\/bestsolarlight.com\/es\/producto\/farola-solar-led\/","title":{"rendered":"Farola solar LED"},"content":{"rendered":"<h2 class=\"uabb-heading\">Farola Solar Led Para Casa apag\u00f3n Con Bater\u00eda Farola Energ\u00eda Solar<\/h2>\n<div class=\"uabb-subheading uabb-text-editor\">\n<ul>\n<li>Art\u00edculo: BSL-YGSO37<\/li>\n<li>Categor\u00eda\uff1a <a href=\"\/es\/categoria-producto\/farola-solar\/\">Farolas solares<\/a> \/<a href=\"\/es\/categoria-producto\/farola-solar-todo-en-uno\/\">Todo en dos farolas solares<\/a><\/li>\n<li>Potencia de salida :8w \/ 10w \/ 12w \/14w<\/li>\n<li>Potencia Led : 100W \/200w \/300w \/400w<\/li>\n<li>Duradera lente de aluminio fundido a presi\u00f3n y PC (emperador japon\u00e9s)<\/li>\n<li>Iluminaci\u00f3n de bajo consumo: Chips LED 3030 avanzados para reducir el consumo de energ\u00eda y los costes de funcionamiento.<\/li>\n<li>Carga inteligente P-Mos, encendido\/apagado autom\u00e1tico durante el d\u00eda y la noche.<\/li>\n<li>Gran \u00e1ngulo luminoso 150*70,25% aumento del \u00e1rea de irradiaci\u00f3n<\/li>\n<li>Grado de estanqueidad IP 65<\/li>\n<li>3 a\u00f1os de garant\u00eda<\/li>\n<\/ul>\n<p><b>Sistema inteligente de gesti\u00f3n de la energ\u00eda, distribuci\u00f3n autom\u00e1tica de electricidad <\/b><b>de noche<\/b><\/p>\n<\/div>","protected":false},"excerpt":{"rendered":"<ul>\n<li><b>Especificaci\u00f3n del modelo:<\/b><span style=\"font-weight: 400;\"> Farola LED solar profesional BSSL-LED400<\/span><\/li>\n<li><b>Potencia de salida:<\/b><span> LED ultrabrillante de 400 W con control inteligente<\/span><\/li>\n<li><b>Panel solar:<\/b><span> 120W monocristalino premium con seguimiento meteorol\u00f3gico<\/span><\/li>\n<li><b>Protecci\u00f3n contra la penetraci\u00f3n:<\/b><span> IP67: totalmente estanco al agua y al polvo<\/span><\/li>\n<li><b>Aplicaci\u00f3n de dise\u00f1o:<\/b><span> Proyectos municipales, autopistas, complejos industriales y zonas de mucho tr\u00e1fico<\/span><\/li>\n<\/ul>","protected":false},"featured_media":28104,"comment_status":"open","ping_status":"closed","template":"","meta":{"_acf_changed":false},"product_brand":[],"product_cat":[75,72],"product_tag":[91,90,96,84,93],"class_list":{"0":"post-28100","1":"product","2":"type-product","3":"status-publish","4":"has-post-thumbnail","6":"product_cat-solar-street-light","7":"product_cat-all-in-two-solar-street-lights","8":"product_tag-solar-led-lights","9":"product_tag-solar-lights-for-outdoor","10":"product_tag-solar-street-lamp","11":"product_tag-solar-street-light","12":"product_tag-solar-street-lights","14":"first","15":"instock","16":"sale","17":"shipping-taxable","18":"purchasable","19":"product-type-variable"},"acf":[],"_links":{"self":[{"href":"https:\/\/bestsolarlight.com\/es\/wp-json\/wp\/v2\/product\/28100","targetHints":{"allow":["GET"]}}],"collection":[{"href":"https:\/\/bestsolarlight.com\/es\/wp-json\/wp\/v2\/product"}],"about":[{"href":"https:\/\/bestsolarlight.com\/es\/wp-json\/wp\/v2\/types\/product"}],"replies":[{"embeddable":true,"href":"https:\/\/bestsolarlight.com\/es\/wp-json\/wp\/v2\/comments?post=28100"}],"version-history":[{"count":0,"href":"https:\/\/bestsolarlight.com\/es\/wp-json\/wp\/v2\/product\/28100\/revisions"}],"wp:featuredmedia":[{"embeddable":true,"href":"https:\/\/bestsolarlight.com\/es\/wp-json\/wp\/v2\/media\/28104"}],"wp:attachment":[{"href":"https:\/\/bestsolarlight.com\/es\/wp-json\/wp\/v2\/media?parent=28100"}],"wp:term":[{"taxonomy":"product_brand","embeddable":true,"href":"https:\/\/bestsolarlight.com\/es\/wp-json\/wp\/v2\/product_brand?post=28100"},{"taxonomy":"product_cat","embeddable":true,"href":"https:\/\/bestsolarlight.com\/es\/wp-json\/wp\/v2\/product_cat?post=28100"},{"taxonomy":"product_tag","embeddable":true,"href":"https:\/\/bestsolarlight.com\/es\/wp-json\/wp\/v2\/product_tag?post=28100"}],"curies":[{"name":"wp","href":"https:\/\/api.w.org\/{rel}","templated":true}]}}