{"id":28035,"date":"2024-11-21T13:56:25","date_gmt":"2024-11-21T13:56:25","guid":{"rendered":"http:\/\/bestsolarlight.com\/?post_type=product&#038;p=28035"},"modified":"2025-07-31T23:47:50","modified_gmt":"2025-07-31T23:47:50","slug":"farolas-solares-3","status":"publish","type":"product","link":"https:\/\/bestsolarlight.com\/es\/producto\/farolas-solares-3\/","title":{"rendered":"Farolas solares"},"content":{"rendered":"<div data-elementor-type=\"product-post\" data-elementor-id=\"28035\" class=\"elementor elementor-28035\" data-elementor-post-type=\"product\">\n\t\t\t\t<div class=\"elementor-element elementor-element-22c8bcfd e-flex e-con-boxed e-con e-parent\" data-id=\"22c8bcfd\" data-element_type=\"container\" data-settings=\"{&quot;ekit_has_onepagescroll_dot&quot;:&quot;yes&quot;}\">\n\t\t\t\t\t<div class=\"e-con-inner\">\n\t\t\t\t<div class=\"elementor-element elementor-element-175d7b47 color-scheme-inherit text-left elementor-widget elementor-widget-text-editor\" data-id=\"175d7b47\" data-element_type=\"widget\" data-settings=\"{&quot;ekit_we_effect_on&quot;:&quot;none&quot;}\" data-widget_type=\"text-editor.default\">\n\t\t\t\t<div class=\"elementor-widget-container\">\n\t\t\t\t\t\t\t\t\t<h2 class=\"uabb-heading\">Farolas solares a prueba de apagones Iluminaci\u00f3n continua<\/h2><div class=\"uabb-subheading uabb-text-editor\"><ul><li>Art\u00edculo: BSL-YGSO23<\/li><li>Categor\u00eda\uff1a <a href=\"\/es\/categoria-producto\/farola-solar\/\">Farolas solares<\/a> \/<a href=\"\/es\/categoria-producto\/farola-solar-todo-en-uno\/\">Todo en dos farolas solares<\/a><\/li><li>Potencia de salida: 300 W 400 W 500 W 600 W<\/li><li>Altura del poste: 5 metros, se puede utilizar un poste de hasta 8 metros.<\/li><li>Componentes de alta calidad: Aluminio fundido a presi\u00f3n y lente de PMMA para un rendimiento \u00f3ptimo.<\/li><li>M\u00e1stil resistente a la corrosi\u00f3n: M\u00e1stil de acero galvanizado en caliente y arenado para una durabilidad superior.<\/li><li>Iluminaci\u00f3n de bajo consumo: Chips LED 3030 avanzados para reducir el consumo de energ\u00eda y los costes de funcionamiento.<\/li><li>MPPT controlador, puede mantener la misma iluminaci\u00f3n toda la noche, tambi\u00e9n antomatically encender por la noche, apagar durante el d\u00eda<\/li><li>Grado de estanqueidad IP 65<\/li><li>3 a\u00f1os de garant\u00eda<\/li><li>Duradero y fiable: Fabricado para durar entre 7 y 10 a\u00f1os de uso<\/li><\/ul><p class=\"uabb-heading\"><strong>Con un poste de 5 metros de altura, esta farola solar se puede utilizar en muchos lugares.<\/strong><\/p><\/div>\t\t\t\t\t\t\t\t<\/div>\n\t\t\t\t<\/div>\n\t\t\t\t\t<\/div>\n\t\t\t\t<\/div>\n\t\t\t\t<\/div>","protected":false},"excerpt":{"rendered":"<ul>\n<li style=\"font-weight: 400;\" aria-level=\"1\"><b>Modelo: <\/b><span style=\"font-weight: 400;\">BSL-SPL9035<\/span><\/li>\n<li><b>Paneles: <\/b><span style=\"font-weight: 400;\">Panel solar monocristalino de alta potencia<\/span><\/li>\n<li><b>Potencia de salida: <\/b><span style=\"font-weight: 400;\">LED de 120 W de alto brillo y bajo consumo\u00a0<\/span><\/li>\n<li><b>Tipo de bater\u00eda: <\/b><span style=\"font-weight: 400;\">3,2 V, 30 AH de fosfato de hierro y litio<\/span><\/li>\n<li><b>Duraci\u00f3n de la bater\u00eda:<\/b><span style=\"font-weight: 400;\"> 6-8 horas al sol<\/span><\/li>\n<li><b>Sensor: <\/b><span style=\"font-weight: 400;\">Sensor de movimiento inteligente PIR<\/span><\/li>\n<li><b>Clasificaci\u00f3n: <\/b><span style=\"font-weight: 400;\">IP65-Dise\u00f1o resistente a la intemperie<\/span><\/li>\n<li><b>Certificaci\u00f3n: <\/b><span style=\"font-weight: 400;\">CE, ROHS <\/span><\/li>\n<\/ul>","protected":false},"featured_media":28037,"comment_status":"open","ping_status":"closed","template":"","meta":{"_acf_changed":false},"product_brand":[],"product_cat":[75,72],"product_tag":[91,90,96,84,93],"class_list":{"0":"post-28035","1":"product","2":"type-product","3":"status-publish","4":"has-post-thumbnail","6":"product_cat-solar-street-light","7":"product_cat-all-in-two-solar-street-lights","8":"product_tag-solar-led-lights","9":"product_tag-solar-lights-for-outdoor","10":"product_tag-solar-street-lamp","11":"product_tag-solar-street-light","12":"product_tag-solar-street-lights","14":"first","15":"instock","16":"sale","17":"shipping-taxable","18":"purchasable","19":"product-type-variable"},"acf":[],"_links":{"self":[{"href":"https:\/\/bestsolarlight.com\/es\/wp-json\/wp\/v2\/product\/28035","targetHints":{"allow":["GET"]}}],"collection":[{"href":"https:\/\/bestsolarlight.com\/es\/wp-json\/wp\/v2\/product"}],"about":[{"href":"https:\/\/bestsolarlight.com\/es\/wp-json\/wp\/v2\/types\/product"}],"replies":[{"embeddable":true,"href":"https:\/\/bestsolarlight.com\/es\/wp-json\/wp\/v2\/comments?post=28035"}],"version-history":[{"count":0,"href":"https:\/\/bestsolarlight.com\/es\/wp-json\/wp\/v2\/product\/28035\/revisions"}],"wp:featuredmedia":[{"embeddable":true,"href":"https:\/\/bestsolarlight.com\/es\/wp-json\/wp\/v2\/media\/28037"}],"wp:attachment":[{"href":"https:\/\/bestsolarlight.com\/es\/wp-json\/wp\/v2\/media?parent=28035"}],"wp:term":[{"taxonomy":"product_brand","embeddable":true,"href":"https:\/\/bestsolarlight.com\/es\/wp-json\/wp\/v2\/product_brand?post=28035"},{"taxonomy":"product_cat","embeddable":true,"href":"https:\/\/bestsolarlight.com\/es\/wp-json\/wp\/v2\/product_cat?post=28035"},{"taxonomy":"product_tag","embeddable":true,"href":"https:\/\/bestsolarlight.com\/es\/wp-json\/wp\/v2\/product_tag?post=28035"}],"curies":[{"name":"wp","href":"https:\/\/api.w.org\/{rel}","templated":true}]}}