{"id":27908,"date":"2024-11-21T03:37:09","date_gmt":"2024-11-21T03:37:09","guid":{"rendered":"http:\/\/bestsolarlight.com\/?post_type=product&#038;p=27908"},"modified":"2025-09-28T03:47:09","modified_gmt":"2025-09-28T03:47:09","slug":"farolas-solares-integradas","status":"publish","type":"product","link":"https:\/\/bestsolarlight.com\/es\/producto\/farolas-solares-integradas\/","title":{"rendered":"Farolas solares integradas todo en uno"},"content":{"rendered":"<h2 class=\"uabb-heading\">Integrated All In One Solar Street Light<br \/>\nModern LED Street Lights<\/h2>\n<div class=\"uabb-subheading uabb-text-editor\">\n<ul>\n<li>Products Item: BSL-YGSO89<\/li>\n<li>Categor\u00eda\uff1a <a href=\"\/es\/categoria-producto\/farola-solar\/\">Farolas solares<\/a> \/<a href=\"\/es\/categoria-producto\/farola-solar-todo-en-uno\/\">Farolas solares todo en uno<\/a><\/li>\n<li>Watt:200W 300w 400w 500W Total 4power can be choosed<\/li>\n<li>Robust Construction: Die-cast aluminum housing and PMMA lens with advanced UV protection<\/li>\n<li>Cutting-Edge Technology: High-efficiency LED chips (200-210 lumens\/watt) powered by long-lasting LiFePO4 lithium batteries.<\/li>\n<li>The adjustable range of the rotating lamp<\/li>\n<li>Optimized Light Distribution: Type II light distribution pattern (145\u00b0 x 70\u00b0) for efficient illumination<\/li>\n<li>Reliable Operation: Expect 7-10 years of dependable service from Bestsolarlight&#8217;s all-in-one LED street light<\/li>\n<\/ul>\n<p class=\"uabb-heading\"><strong>All in one solar street light design for quick and easy setup,A solid, budget-friendly choice for your street lighting needs.<\/strong><\/p>\n<\/div>","protected":false},"excerpt":{"rendered":"<ul>\n<li aria-level=\"1\"><b>Modelo:<\/b> Farola solar integrada BSL-YGSO89<\/li>\n<li aria-level=\"1\"><b>Dise\u00f1o: <\/b>Estructura todo en uno que ahorra espacio<\/li>\n<li aria-level=\"1\"><b>Potencia de salida: <\/b>Offers a 200-210 Lum\/Per Watt with the efficient LED technology<\/li>\n<li aria-level=\"1\"><b>Fuente de luz: <\/b>LED de bajo consumo y alta luminosidad<\/li>\n<li aria-level=\"1\"><b>Moci\u00f3n: <\/b>Sensor; Sensor de movimiento inteligente que reduce la disipaci\u00f3n de energ\u00eda mediante un control \u00f3ptimo de la iluminaci\u00f3n.<\/li>\n<li aria-level=\"1\"><b>Material: <\/b>Cubierta exterior resistente a la intemperie<\/li>\n<li aria-level=\"1\"><b>Instalaci\u00f3n: <\/b>F\u00e1cil y sencillo; no necesita alimentaci\u00f3n adicional<\/li>\n<li aria-level=\"1\"><b>Rendimiento: <\/b>Consistente, duradero en diferentes estaciones<\/li>\n<li aria-level=\"1\"><b>Sostenibilidad: <\/b>Reduce la huella de carbono y la dependencia de la red el\u00e9ctrica<\/li>\n<li aria-level=\"1\"><b>Tipo de bater\u00eda:<\/b> Iones de litio<\/li>\n<li><b>Certificaci\u00f3n:<\/b> CE\/ROHS<\/li>\n<\/ul>","protected":false},"featured_media":27909,"comment_status":"open","ping_status":"closed","template":"","meta":{"_acf_changed":false},"product_brand":[],"product_cat":[75,71],"product_tag":[],"class_list":{"0":"post-27908","1":"product","2":"type-product","3":"status-publish","4":"has-post-thumbnail","6":"product_cat-solar-street-light","7":"product_cat-all-in-one-solar-street-light","9":"first","10":"instock","11":"sale","12":"shipping-taxable","13":"purchasable","14":"product-type-variable","15":"has-default-attributes"},"acf":[],"_links":{"self":[{"href":"https:\/\/bestsolarlight.com\/es\/wp-json\/wp\/v2\/product\/27908","targetHints":{"allow":["GET"]}}],"collection":[{"href":"https:\/\/bestsolarlight.com\/es\/wp-json\/wp\/v2\/product"}],"about":[{"href":"https:\/\/bestsolarlight.com\/es\/wp-json\/wp\/v2\/types\/product"}],"replies":[{"embeddable":true,"href":"https:\/\/bestsolarlight.com\/es\/wp-json\/wp\/v2\/comments?post=27908"}],"version-history":[{"count":0,"href":"https:\/\/bestsolarlight.com\/es\/wp-json\/wp\/v2\/product\/27908\/revisions"}],"wp:featuredmedia":[{"embeddable":true,"href":"https:\/\/bestsolarlight.com\/es\/wp-json\/wp\/v2\/media\/27909"}],"wp:attachment":[{"href":"https:\/\/bestsolarlight.com\/es\/wp-json\/wp\/v2\/media?parent=27908"}],"wp:term":[{"taxonomy":"product_brand","embeddable":true,"href":"https:\/\/bestsolarlight.com\/es\/wp-json\/wp\/v2\/product_brand?post=27908"},{"taxonomy":"product_cat","embeddable":true,"href":"https:\/\/bestsolarlight.com\/es\/wp-json\/wp\/v2\/product_cat?post=27908"},{"taxonomy":"product_tag","embeddable":true,"href":"https:\/\/bestsolarlight.com\/es\/wp-json\/wp\/v2\/product_tag?post=27908"}],"curies":[{"name":"wp","href":"https:\/\/api.w.org\/{rel}","templated":true}]}}