{"id":9,"date":"2024-11-18T11:51:49","date_gmt":"2024-11-18T11:51:49","guid":{"rendered":"http:\/\/bestsolarlight.com\/?page_id=9"},"modified":"2025-07-07T12:45:19","modified_gmt":"2025-07-07T12:45:19","slug":"devoluciones-de-reembolsos","status":"publish","type":"page","link":"https:\/\/bestsolarlight.com\/es\/devoluciones-de-reembolsos\/","title":{"rendered":"Pol\u00edtica de devoluciones y reembolsos"},"content":{"rendered":"<div data-elementor-type=\"wp-page\" data-elementor-id=\"9\" class=\"elementor elementor-9\" data-elementor-post-type=\"page\">\n\t\t\t\t<div class=\"elementor-element elementor-element-2b9e0716 e-flex e-con-boxed e-con e-parent\" data-id=\"2b9e0716\" data-element_type=\"container\" data-settings=\"{&quot;ekit_has_onepagescroll_dot&quot;:&quot;yes&quot;}\">\n\t\t\t\t\t<div class=\"e-con-inner\">\n\t\t\t\t<div class=\"elementor-element elementor-element-26b63d10 color-scheme-inherit text-left elementor-widget elementor-widget-text-editor\" data-id=\"26b63d10\" data-element_type=\"widget\" data-settings=\"{&quot;ekit_we_effect_on&quot;:&quot;none&quot;}\" data-widget_type=\"text-editor.default\">\n\t\t\t\t<div class=\"elementor-widget-container\">\n\t\t\t\t\t\t\t\t\t<p><b>Esta es una p\u00e1gina de ejemplo para explicar el reembolso y las devoluciones de la muestra.<\/b><\/p>\n<p><!-- \/wp:paragraph --><!-- wp:heading --><\/p>\n<h1>Visi\u00f3n general<\/h1>\n<p><!-- \/wp:heading --><!-- wp:paragraph --><\/p>\n<p>Las muestras personalizadas no se pueden devolver ni cambiar, salvo en caso de que existan defectos funcionales que inutilicen el producto.<\/p>\n<p>En el caso de los productos de inventario ordinario, se podr\u00e1n conceder devoluciones siempre que las muestras no se hayan utilizado y el embalaje original no presente da\u00f1os que garanticen su reventa.<\/p>\n<h2 class=\"wp-block-heading\">Gastos de env\u00edo por devoluci\u00f3n y reembolso de muestras<\/h2>\n<p>Los clientes son responsables de todos los gastos de env\u00edo relacionados con la devoluci\u00f3n o el cambio de muestras (a menos que haya problemas de funcionamiento). Si las muestras se pierden o resultan da\u00f1adas durante el env\u00edo, no se reembolsar\u00e1 el coste de la muestra.<\/p>\n<h2 class=\"wp-block-heading\">Notas<\/h2>\n<p>Para las muestras personalizadas, consulte las condiciones espec\u00edficas en el formulario de pedido de muestras.<\/p>\n<p><\/p>\n<p><!-- \/wp:paragraph --><!-- wp:paragraph --><!-- \/wp:list --><!-- wp:paragraph --><\/p>\n<p><!-- \/wp:paragraph --><!-- wp:paragraph --><\/p>\n<h2>\u00bfTiene alguna pregunta? \u00bfNecesita ayuda?<\/h2>\n<p><!-- \/wp:paragraph --><!-- wp:paragraph --><\/p>\n<p>Nuestro equipo de servicio estar\u00e1 encantado de responder a cualquier pregunta que pueda tener, p\u00f3ngase en contacto con nosotros en info@bestsolarlight.com o a trav\u00e9s del n\u00famero de tel\u00e9fono: +8615307609699<\/p>\n<p><!-- \/wp:paragraph --><\/p>\t\t\t\t\t\t\t\t<\/div>\n\t\t\t\t<\/div>\n\t\t\t\t\t<\/div>\n\t\t\t\t<\/div>\n\t\t\t\t<\/div>","protected":false},"excerpt":{"rendered":"<p>Esta es una p\u00e1gina de muestra para explicar el reembolso y las devoluciones de muestras. Resumen Las muestras personalizadas no se pueden devolver ni cambiar, excepto<\/p>","protected":false},"author":1,"featured_media":0,"parent":0,"menu_order":0,"comment_status":"closed","ping_status":"closed","template":"elementor_header_footer","meta":{"_acf_changed":false,"footnotes":""},"class_list":["post-9","page","type-page","status-publish","hentry"],"acf":[],"_links":{"self":[{"href":"https:\/\/bestsolarlight.com\/es\/wp-json\/wp\/v2\/pages\/9","targetHints":{"allow":["GET"]}}],"collection":[{"href":"https:\/\/bestsolarlight.com\/es\/wp-json\/wp\/v2\/pages"}],"about":[{"href":"https:\/\/bestsolarlight.com\/es\/wp-json\/wp\/v2\/types\/page"}],"author":[{"embeddable":true,"href":"https:\/\/bestsolarlight.com\/es\/wp-json\/wp\/v2\/users\/1"}],"replies":[{"embeddable":true,"href":"https:\/\/bestsolarlight.com\/es\/wp-json\/wp\/v2\/comments?post=9"}],"version-history":[{"count":0,"href":"https:\/\/bestsolarlight.com\/es\/wp-json\/wp\/v2\/pages\/9\/revisions"}],"wp:attachment":[{"href":"https:\/\/bestsolarlight.com\/es\/wp-json\/wp\/v2\/media?parent=9"}],"curies":[{"name":"wp","href":"https:\/\/api.w.org\/{rel}","templated":true}]}}