{"id":3,"date":"2024-11-16T07:33:25","date_gmt":"2024-11-16T07:33:25","guid":{"rendered":"http:\/\/bestsolarlight.com\/?page_id=3"},"modified":"2025-07-03T11:29:44","modified_gmt":"2025-07-03T11:29:44","slug":"politica-de-privacidad","status":"publish","type":"page","link":"https:\/\/bestsolarlight.com\/es\/politica-de-privacidad\/","title":{"rendered":"Pol\u00edtica de privacidad"},"content":{"rendered":"<div data-elementor-type=\"wp-page\" data-elementor-id=\"3\" class=\"elementor elementor-3\" data-elementor-post-type=\"page\">\n\t\t\t\t<div class=\"elementor-element elementor-element-68270673 e-flex e-con-boxed e-con e-parent\" data-id=\"68270673\" data-element_type=\"container\" data-settings=\"{&quot;ekit_has_onepagescroll_dot&quot;:&quot;yes&quot;}\">\n\t\t\t\t\t<div class=\"e-con-inner\">\n\t\t\t\t<div class=\"elementor-element elementor-element-6ff65e14 color-scheme-inherit text-left elementor-widget elementor-widget-text-editor\" data-id=\"6ff65e14\" data-element_type=\"widget\" data-settings=\"{&quot;ekit_we_effect_on&quot;:&quot;none&quot;}\" data-widget_type=\"text-editor.default\">\n\t\t\t\t<div class=\"elementor-widget-container\">\n\t\t\t\t\t\t\t\t\t<p><\/p>\n<h1 class=\"wp-block-heading\">Qui\u00e9nes somos<\/h1>\n<p><\/p>\n<p>La direcci\u00f3n de nuestro sitio web es: http:\/\/bestsolarlight.com.<\/p>\n<p><\/p>\n<h2 class=\"wp-block-heading\">Comentarios<\/h2>\n<p><\/p>\n<p>Cuando deja un comentario, recogemos la informaci\u00f3n que introduce en el formulario, incluida su direcci\u00f3n IP y los datos de su navegador. Esto nos ayuda a evitar el spam y a mejorar su experiencia. Si tiene una cuenta de Gravatar, es posible que se env\u00ede a Gravatar un c\u00f3digo an\u00f3nimo (hash) derivado de su direcci\u00f3n de correo electr\u00f3nico para ver si tiene una foto de perfil. La pol\u00edtica de privacidad de Gravatar est\u00e1 disponible aqu\u00ed:http:\/\/bestsolarlight.com\/privacy-policy\/. S\u00f3lo despu\u00e9s de que su comentario sea aprobado se mostrar\u00e1 p\u00fablicamente su foto de perfil.<\/p>\n<p><\/p>\n<h2 class=\"wp-block-heading\">Medios de comunicaci\u00f3n<\/h2>\n<p><\/p>\n<p>Cuando cargue im\u00e1genes, tenga en cuenta los datos de localizaci\u00f3n incrustados (EXIF GPS). Estos datos pueden ser extra\u00eddos por los visitantes del sitio web, revelando potencialmente su ubicaci\u00f3n. Para salvaguardar su privacidad, le sugerimos que elimine esta informaci\u00f3n antes de cargar las im\u00e1genes.<\/p>\n<p><\/p>\n<h2 class=\"wp-block-heading\">Cookies<\/h2>\n<p><\/p>\n<p>Para su comodidad, le ofrecemos la opci\u00f3n de guardar su nombre, correo electr\u00f3nico e informaci\u00f3n del sitio web en cookies cuando deja un comentario. Esto le permite comentar r\u00e1pidamente en el futuro sin tener que volver a introducir sus datos. Estas cookies caducan al cabo de un a\u00f1o.<\/p>\n<p><\/p>\n<p>Para garantizar una experiencia sin problemas, utilizamos una cookie temporal para comprobar si su navegador acepta cookies. Esta cookie no almacena ninguna informaci\u00f3n personal y se elimina al cerrar el navegador.<\/p>\n<p><\/p>\n<p>Cuando inicia sesi\u00f3n, utilizamos cookies para guardar sus credenciales de inicio de sesi\u00f3n y sus preferencias de visualizaci\u00f3n. Las cookies de inicio de sesi\u00f3n suelen caducar a los dos d\u00edas. Si selecciona la opci\u00f3n \"Recordarme\", su inicio de sesi\u00f3n persistir\u00e1 durante dos semanas. Una vez que cierre la sesi\u00f3n, estas cookies se eliminar\u00e1n.<\/p>\n<p><\/p>\n<p>Cuando edita o publica un art\u00edculo, se utiliza una cookie temporal para rastrear el ID de la entrada. Esta cookie no almacena datos personales y caduca al cabo de un d\u00eda.<\/p>\n<p><\/p>\n<h2 class=\"wp-block-heading\">Contenido incrustado de fuentes externas<\/h2>\n<p><\/p>\n<p>Este sitio puede contener contenido incrustado de otros sitios web, como v\u00eddeos o im\u00e1genes. Cuando usted ve este contenido incrustado, funciona como si estuviera visitando directamente el sitio web de origen.<\/p>\n<p><\/p>\n<p>Los sitios web que proporcionan contenido incrustado pueden recopilar datos sobre usted, utilizar cookies e incrustar herramientas de seguimiento adicionales. Tambi\u00e9n pueden rastrear su interacci\u00f3n con el contenido incrustado, especialmente si tiene una cuenta en el sitio web y ha iniciado sesi\u00f3n.<\/p>\n<p><\/p>\n<h2 class=\"wp-block-heading\">\u00bfCon qui\u00e9n compartimos sus datos?<\/h2>\n<p><\/p>\n<p>Para ayudar a verificar su identidad, su direcci\u00f3n IP se incluir\u00e1 en el correo electr\u00f3nico de restablecimiento de contrase\u00f1a.<\/p>\n<p><\/p>\n<h2 class=\"wp-block-heading\">\u00bfDurante cu\u00e1nto tiempo almacenaremos su informaci\u00f3n?<\/h2>\n<p><\/p>\n<p>Para que comentar sea m\u00e1s f\u00e1cil, almacenamos sus comentarios e informaci\u00f3n relacionada. Esto nos ayuda a aprobar autom\u00e1ticamente futuros comentarios tuyos, para que no tengas que esperar a la moderaci\u00f3n.<\/p>\n<p><\/p>\n<p>Si crea una cuenta en nuestro sitio web, podr\u00e1 gestionar su informaci\u00f3n personal. Puede verla, modificarla o eliminarla en cualquier momento, excepto su nombre de usuario. Los administradores de nuestro sitio web tambi\u00e9n pueden acceder a esta informaci\u00f3n<\/p>\n<p><\/p>\n<h2 class=\"wp-block-heading\">\u00bfCu\u00e1les son sus derechos de propiedad de los datos?<\/h2>\n<p><\/p>\n<p>Si tiene una cuenta o ha hecho comentarios en nuestro sitio, puede pedirnos que le proporcionemos una copia de su informaci\u00f3n personal o que la eliminemos. Tenga en cuenta que es posible que debamos conservar algunos datos por motivos legales.<\/p>\n<p><\/p>\n<h2 class=\"wp-block-heading\">D\u00f3nde se env\u00edan sus datos<\/h2>\n<p><\/p>\n<p>Para proteger nuestro sitio contra el spam, utilizamos software automatizado para filtrar los comentarios de los visitantes.<\/p>\n<p><\/p>\t\t\t\t\t\t\t\t<\/div>\n\t\t\t\t<\/div>\n\t\t\t\t\t<\/div>\n\t\t\t\t<\/div>\n\t\t\t\t<\/div>","protected":false},"excerpt":{"rendered":"<p>Qui\u00e9nes somos La direcci\u00f3n de nuestro sitio web es: http:\/\/bestsolarlight.com. Comentarios Cuando deja un comentario, recopilamos la informaci\u00f3n que introduce<\/p>","protected":false},"author":1,"featured_media":0,"parent":0,"menu_order":0,"comment_status":"closed","ping_status":"open","template":"elementor_header_footer","meta":{"_acf_changed":false,"footnotes":""},"class_list":["post-3","page","type-page","status-publish","hentry"],"acf":[],"_links":{"self":[{"href":"https:\/\/bestsolarlight.com\/es\/wp-json\/wp\/v2\/pages\/3","targetHints":{"allow":["GET"]}}],"collection":[{"href":"https:\/\/bestsolarlight.com\/es\/wp-json\/wp\/v2\/pages"}],"about":[{"href":"https:\/\/bestsolarlight.com\/es\/wp-json\/wp\/v2\/types\/page"}],"author":[{"embeddable":true,"href":"https:\/\/bestsolarlight.com\/es\/wp-json\/wp\/v2\/users\/1"}],"replies":[{"embeddable":true,"href":"https:\/\/bestsolarlight.com\/es\/wp-json\/wp\/v2\/comments?post=3"}],"version-history":[{"count":0,"href":"https:\/\/bestsolarlight.com\/es\/wp-json\/wp\/v2\/pages\/3\/revisions"}],"wp:attachment":[{"href":"https:\/\/bestsolarlight.com\/es\/wp-json\/wp\/v2\/media?parent=3"}],"curies":[{"name":"wp","href":"https:\/\/api.w.org\/{rel}","templated":true}]}}