{"id":28100,"date":"2024-11-22T12:13:33","date_gmt":"2024-11-22T12:13:33","guid":{"rendered":"http:\/\/bestsolarlight.com\/?post_type=product&#038;p=28100"},"modified":"2025-08-09T12:15:42","modified_gmt":"2025-08-09T12:15:42","slug":"solar-led-strasenlaterne","status":"publish","type":"product","link":"https:\/\/bestsolarlight.com\/de\/produkt\/solar-led-strasenlaterne\/","title":{"rendered":"Solar-LED-Stra\u00dfenlampe"},"content":{"rendered":"<h2 class=\"uabb-heading\">Solar Led Stra\u00dfenlaterne f\u00fcr Haus Blackout mit Batterie Solarenergie Stra\u00dfenlaterne<\/h2>\n<div class=\"uabb-subheading uabb-text-editor\">\n<ul>\n<li>Produkte Artikel: BSL-YGSO37<\/li>\n<li>Kategorie\uff1a <a href=\"\/de\/produkt-kategorie\/solar-strasenlampe\/\">Solare Stra\u00dfenlaterne<\/a> \/<a href=\"\/de\/produkt-kategorie\/all-in-one-solarstrasenleuchte\/\">All in Two Solar-Stra\u00dfenlaternen<\/a><\/li>\n<li>Ausgangsleistung: 8w \/ 10w \/ 12w \/14w<\/li>\n<li>Led Leistung : 100W \/200w \/300w \/400w<\/li>\n<li>Langlebiger Aluminium-Druckguss und PC (japanischer Kaiser) Linse<\/li>\n<li>Energieeffiziente Beleuchtung: Moderne LED 3030-Chips f\u00fcr geringeren Energieverbrauch und niedrigere Betriebskosten.<\/li>\n<li>Intelligentes P-Mos-Laden, automatisches Ein- und Ausschalten bei Tag und Nacht.<\/li>\n<li>Gro\u00dfer Leuchtwinkel 150*70,25% Erh\u00f6hung der Bestrahlungsfl\u00e4che<\/li>\n<li>IP 65 Wasserdichtigkeit<\/li>\n<li>3 Jahre Garantie<\/li>\n<\/ul>\n<p><b>Intelligentes Energiemanagementsystem, automatische Verteilung von Strom <\/b><b>bei Nacht<\/b><\/p>\n<\/div>","protected":false},"excerpt":{"rendered":"<ul>\n<li><b>Spezifikation des Modells:<\/b><span style=\"font-weight: 400;\"> BSSL-LED400 Professionelle Solar-LED-Stra\u00dfenleuchte<\/span><\/li>\n<li><b>Leistungsabgabe:<\/b><span> 400 W ultrahelle LED mit intelligenter Steuerung<\/span><\/li>\n<li><b>Sonnenkollektor:<\/b><span> 120W monokristalliner Premium-Kristall mit Wetternachf\u00fchrung<\/span><\/li>\n<li><b>Schutz gegen Eindringen:<\/b><span> IP67 - komplett wasserdicht und staubgesch\u00fctzt<\/span><\/li>\n<li><b>Design Anwendung:<\/b><span> Kommunale Projekte, Autobahnen, Industriekomplexe und stark frequentierte Bereiche<\/span><\/li>\n<\/ul>","protected":false},"featured_media":28104,"comment_status":"open","ping_status":"closed","template":"","meta":{"_acf_changed":false},"product_brand":[],"product_cat":[75,72],"product_tag":[91,90,96,84,93],"class_list":{"0":"post-28100","1":"product","2":"type-product","3":"status-publish","4":"has-post-thumbnail","6":"product_cat-solar-street-light","7":"product_cat-all-in-two-solar-street-lights","8":"product_tag-solar-led-lights","9":"product_tag-solar-lights-for-outdoor","10":"product_tag-solar-street-lamp","11":"product_tag-solar-street-light","12":"product_tag-solar-street-lights","14":"first","15":"instock","16":"sale","17":"shipping-taxable","18":"purchasable","19":"product-type-variable"},"acf":[],"_links":{"self":[{"href":"https:\/\/bestsolarlight.com\/de\/wp-json\/wp\/v2\/product\/28100","targetHints":{"allow":["GET"]}}],"collection":[{"href":"https:\/\/bestsolarlight.com\/de\/wp-json\/wp\/v2\/product"}],"about":[{"href":"https:\/\/bestsolarlight.com\/de\/wp-json\/wp\/v2\/types\/product"}],"replies":[{"embeddable":true,"href":"https:\/\/bestsolarlight.com\/de\/wp-json\/wp\/v2\/comments?post=28100"}],"version-history":[{"count":0,"href":"https:\/\/bestsolarlight.com\/de\/wp-json\/wp\/v2\/product\/28100\/revisions"}],"wp:featuredmedia":[{"embeddable":true,"href":"https:\/\/bestsolarlight.com\/de\/wp-json\/wp\/v2\/media\/28104"}],"wp:attachment":[{"href":"https:\/\/bestsolarlight.com\/de\/wp-json\/wp\/v2\/media?parent=28100"}],"wp:term":[{"taxonomy":"product_brand","embeddable":true,"href":"https:\/\/bestsolarlight.com\/de\/wp-json\/wp\/v2\/product_brand?post=28100"},{"taxonomy":"product_cat","embeddable":true,"href":"https:\/\/bestsolarlight.com\/de\/wp-json\/wp\/v2\/product_cat?post=28100"},{"taxonomy":"product_tag","embeddable":true,"href":"https:\/\/bestsolarlight.com\/de\/wp-json\/wp\/v2\/product_tag?post=28100"}],"curies":[{"name":"wp","href":"https:\/\/api.w.org\/{rel}","templated":true}]}}