{"id":28035,"date":"2024-11-21T13:56:25","date_gmt":"2024-11-21T13:56:25","guid":{"rendered":"http:\/\/bestsolarlight.com\/?post_type=product&#038;p=28035"},"modified":"2025-07-31T23:47:50","modified_gmt":"2025-07-31T23:47:50","slug":"solarbetriebene-strasenlaternen","status":"publish","type":"product","link":"https:\/\/bestsolarlight.com\/de\/produkt\/solarbetriebene-strasenlaternen\/","title":{"rendered":"Solarbetriebene Stra\u00dfenlaternen"},"content":{"rendered":"<div data-elementor-type=\"product-post\" data-elementor-id=\"28035\" class=\"elementor elementor-28035\" data-elementor-post-type=\"product\">\n\t\t\t\t<div class=\"elementor-element elementor-element-22c8bcfd e-flex e-con-boxed e-con e-parent\" data-id=\"22c8bcfd\" data-element_type=\"container\" data-settings=\"{&quot;ekit_has_onepagescroll_dot&quot;:&quot;yes&quot;}\">\n\t\t\t\t\t<div class=\"e-con-inner\">\n\t\t\t\t<div class=\"elementor-element elementor-element-175d7b47 color-scheme-inherit text-left elementor-widget elementor-widget-text-editor\" data-id=\"175d7b47\" data-element_type=\"widget\" data-settings=\"{&quot;ekit_we_effect_on&quot;:&quot;none&quot;}\" data-widget_type=\"text-editor.default\">\n\t\t\t\t<div class=\"elementor-widget-container\">\n\t\t\t\t\t\t\t\t\t<h2 class=\"uabb-heading\">Verdunkelungssichere solarbetriebene Stra\u00dfenlaternen mit kontinuierlicher Beleuchtung<\/h2><div class=\"uabb-subheading uabb-text-editor\"><ul><li>Produkte Artikel: BSL-YGSO23<\/li><li>Kategorie\uff1a <a href=\"\/de\/produkt-kategorie\/solar-strasenlampe\/\">Solare Stra\u00dfenlaterne<\/a> \/<a href=\"\/de\/produkt-kategorie\/all-in-one-solarstrasenleuchte\/\">All in Two Solar-Stra\u00dfenlaternen<\/a><\/li><li>Ausgangsleistung: 300w 400w 500w 600w<\/li><li>Pfostenh\u00f6he: 5 Meter, kann bis zu 8 Meter Pfosten verwenden, kann angepasst werden<\/li><li>Hochwertige Komponenten: Aluminiumdruckguss und PMMA-Linse f\u00fcr optimale Leistung.<\/li><li>Korrosionsbest\u00e4ndiger Pfahl: Feuerverzinkter und sandgestrahlter Stahlmast f\u00fcr \u00fcberragende Haltbarkeit<\/li><li>Energieeffiziente Beleuchtung: Moderne LED 3030-Chips f\u00fcr geringeren Energieverbrauch und niedrigere Betriebskosten.<\/li><li>MPPT-Controller, kann die ganze Nacht \u00fcber die gleiche Beleuchtung beibehalten, schaltet sich auch nachts automatisch ein und tags\u00fcber wieder aus<\/li><li>IP 65 Wasserdichtigkeit<\/li><li>3 Jahre Garantie<\/li><li>Langlebig und verl\u00e4sslich: Gebaut f\u00fcr 7-10 Jahre Nutzung<\/li><\/ul><p class=\"uabb-heading\"><strong>Mit 5 Meter H\u00f6he Mast, kann diese solarbetriebene Stra\u00dfenlaterne viele Ort verwendet werden.<\/strong><\/p><\/div>\t\t\t\t\t\t\t\t<\/div>\n\t\t\t\t<\/div>\n\t\t\t\t\t<\/div>\n\t\t\t\t<\/div>\n\t\t\t\t<\/div>","protected":false},"excerpt":{"rendered":"<ul>\n<li style=\"font-weight: 400;\" aria-level=\"1\"><b>Modell: <\/b><span style=\"font-weight: 400;\">BSL-SPL9035<\/span><\/li>\n<li><b>Verkleidung: <\/b><span style=\"font-weight: 400;\">Monokristallines Solarmodul mit hoher Leistung<\/span><\/li>\n<li><b>Ausgangsleistung: <\/b><span style=\"font-weight: 400;\">Lichtstarke, energieeffiziente 120-W-LED\u00a0<\/span><\/li>\n<li><b>Batterie-Typ: <\/b><span style=\"font-weight: 400;\">3,2V, 30AH Lithium-Eisen-Phosphat<\/span><\/li>\n<li><b>Lebensdauer der Batterie:<\/b><span style=\"font-weight: 400;\"> 6-8 Stunden in der Sonne<\/span><\/li>\n<li><b>Sensor: <\/b><span style=\"font-weight: 400;\">PIR intelligente Dimmsteuerung intelligenter Bewegungssensor<\/span><\/li>\n<li><b>Einstufung: <\/b><span style=\"font-weight: 400;\">IP65 - wetterfeste Konstruktion f\u00fcr den Au\u00dfenbereich<\/span><\/li>\n<li><b>Zertifizierung: <\/b><span style=\"font-weight: 400;\">CE, ROHS <\/span><\/li>\n<\/ul>","protected":false},"featured_media":28037,"comment_status":"open","ping_status":"closed","template":"","meta":{"_acf_changed":false},"product_brand":[],"product_cat":[75,72],"product_tag":[91,90,96,84,93],"class_list":{"0":"post-28035","1":"product","2":"type-product","3":"status-publish","4":"has-post-thumbnail","6":"product_cat-solar-street-light","7":"product_cat-all-in-two-solar-street-lights","8":"product_tag-solar-led-lights","9":"product_tag-solar-lights-for-outdoor","10":"product_tag-solar-street-lamp","11":"product_tag-solar-street-light","12":"product_tag-solar-street-lights","14":"first","15":"instock","16":"sale","17":"shipping-taxable","18":"purchasable","19":"product-type-variable"},"acf":[],"_links":{"self":[{"href":"https:\/\/bestsolarlight.com\/de\/wp-json\/wp\/v2\/product\/28035","targetHints":{"allow":["GET"]}}],"collection":[{"href":"https:\/\/bestsolarlight.com\/de\/wp-json\/wp\/v2\/product"}],"about":[{"href":"https:\/\/bestsolarlight.com\/de\/wp-json\/wp\/v2\/types\/product"}],"replies":[{"embeddable":true,"href":"https:\/\/bestsolarlight.com\/de\/wp-json\/wp\/v2\/comments?post=28035"}],"version-history":[{"count":0,"href":"https:\/\/bestsolarlight.com\/de\/wp-json\/wp\/v2\/product\/28035\/revisions"}],"wp:featuredmedia":[{"embeddable":true,"href":"https:\/\/bestsolarlight.com\/de\/wp-json\/wp\/v2\/media\/28037"}],"wp:attachment":[{"href":"https:\/\/bestsolarlight.com\/de\/wp-json\/wp\/v2\/media?parent=28035"}],"wp:term":[{"taxonomy":"product_brand","embeddable":true,"href":"https:\/\/bestsolarlight.com\/de\/wp-json\/wp\/v2\/product_brand?post=28035"},{"taxonomy":"product_cat","embeddable":true,"href":"https:\/\/bestsolarlight.com\/de\/wp-json\/wp\/v2\/product_cat?post=28035"},{"taxonomy":"product_tag","embeddable":true,"href":"https:\/\/bestsolarlight.com\/de\/wp-json\/wp\/v2\/product_tag?post=28035"}],"curies":[{"name":"wp","href":"https:\/\/api.w.org\/{rel}","templated":true}]}}