{"id":9,"date":"2024-11-18T11:51:49","date_gmt":"2024-11-18T11:51:49","guid":{"rendered":"http:\/\/bestsolarlight.com\/?page_id=9"},"modified":"2025-07-07T12:45:19","modified_gmt":"2025-07-07T12:45:19","slug":"erstattungsruckgaben","status":"publish","type":"page","link":"https:\/\/bestsolarlight.com\/de\/erstattungsruckgaben\/","title":{"rendered":"Erstattungs- und R\u00fcckgabebestimmungen"},"content":{"rendered":"<div data-elementor-type=\"wp-page\" data-elementor-id=\"9\" class=\"elementor elementor-9\" data-elementor-post-type=\"page\">\n\t\t\t\t<div class=\"elementor-element elementor-element-2b9e0716 e-flex e-con-boxed e-con e-parent\" data-id=\"2b9e0716\" data-element_type=\"container\" data-settings=\"{&quot;ekit_has_onepagescroll_dot&quot;:&quot;yes&quot;}\">\n\t\t\t\t\t<div class=\"e-con-inner\">\n\t\t\t\t<div class=\"elementor-element elementor-element-26b63d10 color-scheme-inherit text-left elementor-widget elementor-widget-text-editor\" data-id=\"26b63d10\" data-element_type=\"widget\" data-settings=\"{&quot;ekit_we_effect_on&quot;:&quot;none&quot;}\" data-widget_type=\"text-editor.default\">\n\t\t\t\t<div class=\"elementor-widget-container\">\n\t\t\t\t\t\t\t\t\t<p><b>Dies ist eine Musterseite zur Erl\u00e4uterung der Erstattung und R\u00fcckgabe.<\/b><\/p>\n<p><!-- \/wp:paragraph --><!-- wp:heading --><\/p>\n<h1>\u00dcbersicht<\/h1>\n<p><!-- \/wp:heading --><!-- wp:paragraph --><\/p>\n<p>Ma\u00dfgeschneiderte Muster werden nicht zur\u00fcckgenommen und nicht umgetauscht, es sei denn, es liegen funktionale M\u00e4ngel vor, die das Produkt unbrauchbar machen.<\/p>\n<p>F\u00fcr Produkte aus dem regul\u00e4ren Lagerbestand k\u00f6nnen R\u00fccksendungen gew\u00e4hrt werden, sofern die Muster nicht benutzt wurden und die Originalverpackung unbesch\u00e4digt ist, damit sie wieder verkauft werden k\u00f6nnen.<\/p>\n<h2 class=\"wp-block-heading\">R\u00fccksende- und Erstattungsgeb\u00fchren f\u00fcr Muster<\/h2>\n<p>Die Kunden sind f\u00fcr alle Versandkosten im Zusammenhang mit der R\u00fccksendung oder dem Umtausch von Mustern verantwortlich (es sei denn, es liegen funktionale Probleme vor). Wenn Proben w\u00e4hrend des Versands verloren gehen oder besch\u00e4digt werden, werden die Kosten f\u00fcr die Proben nicht erstattet.<\/p>\n<h2 class=\"wp-block-heading\">Anmerkungen<\/h2>\n<p>F\u00fcr kundenspezifische Muster entnehmen Sie bitte dem Bestellformular f\u00fcr Muster die spezifischen Bedingungen und Konditionen.<\/p>\n<p><\/p>\n<p><!-- \/wp:paragraph --><!-- wp:paragraph --><!-- \/wp:list --><!-- wp:paragraph --><\/p>\n<p><!-- \/wp:paragraph --><!-- wp:paragraph --><\/p>\n<h2>Sie haben Fragen? Brauchen Sie Hilfe?<\/h2>\n<p><!-- \/wp:paragraph --><!-- wp:paragraph --><\/p>\n<p>Unser Serviceteam freut sich, alle Ihre Fragen zu beantworten. Kontaktieren Sie uns unter info@bestsolarlight.com oder unter der Telefonnummer: +8615307609699<\/p>\n<p><!-- \/wp:paragraph --><\/p>\t\t\t\t\t\t\t\t<\/div>\n\t\t\t\t<\/div>\n\t\t\t\t\t<\/div>\n\t\t\t\t<\/div>\n\t\t\t\t<\/div>","protected":false},"excerpt":{"rendered":"<p>Dies ist eine Musterseite zur Erl\u00e4uterung der Erstattung und R\u00fcckgabe von Mustern. \u00dcbersicht Ma\u00dfgeschneiderte Muster k\u00f6nnen nicht zur\u00fcckgegeben und nicht umgetauscht werden, au\u00dfer<\/p>","protected":false},"author":1,"featured_media":0,"parent":0,"menu_order":0,"comment_status":"closed","ping_status":"closed","template":"elementor_header_footer","meta":{"_acf_changed":false,"footnotes":""},"class_list":["post-9","page","type-page","status-publish","hentry"],"acf":[],"_links":{"self":[{"href":"https:\/\/bestsolarlight.com\/de\/wp-json\/wp\/v2\/pages\/9","targetHints":{"allow":["GET"]}}],"collection":[{"href":"https:\/\/bestsolarlight.com\/de\/wp-json\/wp\/v2\/pages"}],"about":[{"href":"https:\/\/bestsolarlight.com\/de\/wp-json\/wp\/v2\/types\/page"}],"author":[{"embeddable":true,"href":"https:\/\/bestsolarlight.com\/de\/wp-json\/wp\/v2\/users\/1"}],"replies":[{"embeddable":true,"href":"https:\/\/bestsolarlight.com\/de\/wp-json\/wp\/v2\/comments?post=9"}],"version-history":[{"count":0,"href":"https:\/\/bestsolarlight.com\/de\/wp-json\/wp\/v2\/pages\/9\/revisions"}],"wp:attachment":[{"href":"https:\/\/bestsolarlight.com\/de\/wp-json\/wp\/v2\/media?parent=9"}],"curies":[{"name":"wp","href":"https:\/\/api.w.org\/{rel}","templated":true}]}}