{"id":3,"date":"2024-11-16T07:33:25","date_gmt":"2024-11-16T07:33:25","guid":{"rendered":"http:\/\/bestsolarlight.com\/?page_id=3"},"modified":"2025-07-03T11:29:44","modified_gmt":"2025-07-03T11:29:44","slug":"datenschutzbestimmungen","status":"publish","type":"page","link":"https:\/\/bestsolarlight.com\/de\/datenschutzbestimmungen\/","title":{"rendered":"Datenschutzbestimmungen"},"content":{"rendered":"<div data-elementor-type=\"wp-page\" data-elementor-id=\"3\" class=\"elementor elementor-3\" data-elementor-post-type=\"page\">\n\t\t\t\t<div class=\"elementor-element elementor-element-68270673 e-flex e-con-boxed e-con e-parent\" data-id=\"68270673\" data-element_type=\"container\" data-settings=\"{&quot;ekit_has_onepagescroll_dot&quot;:&quot;yes&quot;}\">\n\t\t\t\t\t<div class=\"e-con-inner\">\n\t\t\t\t<div class=\"elementor-element elementor-element-6ff65e14 color-scheme-inherit text-left elementor-widget elementor-widget-text-editor\" data-id=\"6ff65e14\" data-element_type=\"widget\" data-settings=\"{&quot;ekit_we_effect_on&quot;:&quot;none&quot;}\" data-widget_type=\"text-editor.default\">\n\t\t\t\t<div class=\"elementor-widget-container\">\n\t\t\t\t\t\t\t\t\t<p><\/p>\n<h1 class=\"wp-block-heading\">Wer wir sind<\/h1>\n<p><\/p>\n<p>Unsere Website-Adresse lautet: http:\/\/bestsolarlight.com.<\/p>\n<p><\/p>\n<h2 class=\"wp-block-heading\">Kommentare<\/h2>\n<p><\/p>\n<p>Wenn Sie einen Kommentar hinterlassen, sammeln wir die Informationen, die Sie in das Formular eingeben, einschlie\u00dflich Ihrer IP-Adresse und Browserdetails. Dies hilft uns, Spam zu verhindern und Ihr Erlebnis zu verbessern. Wenn Sie ein Gravatar-Konto haben, kann ein anonymer Code (Hash), der von Ihrer E-Mail-Adresse abgeleitet wird, an Gravatar gesendet werden, um zu sehen, ob Sie ein Profilbild haben. Die Datenschutzbestimmungen von Gravatar finden Sie hier: http:\/\/bestsolarlight.com\/privacy-policy\/. Erst nachdem Ihr Kommentar genehmigt wurde, wird Ihr Profilbild \u00f6ffentlich angezeigt.<\/p>\n<p><\/p>\n<h2 class=\"wp-block-heading\">Medien<\/h2>\n<p><\/p>\n<p>Wenn Sie Bilder hochladen, achten Sie bitte auf die eingebetteten Standortdaten (EXIF-GPS). Diese Daten k\u00f6nnen von Besuchern der Website extrahiert werden und m\u00f6glicherweise Ihren Standort preisgeben. Um Ihre Privatsph\u00e4re zu sch\u00fctzen, empfehlen wir, diese Informationen vor dem Hochladen zu entfernen.<\/p>\n<p><\/p>\n<h2 class=\"wp-block-heading\">Cookies<\/h2>\n<p><\/p>\n<p>Zu Ihrer Bequemlichkeit bieten wir Ihnen die M\u00f6glichkeit, Ihren Namen, Ihre E-Mail-Adresse und Ihre Website-Informationen in Cookies zu speichern, wenn Sie einen Kommentar hinterlassen. So k\u00f6nnen Sie in Zukunft schnell einen Kommentar abgeben, ohne Ihre Daten erneut eingeben zu m\u00fcssen. Diese Cookies verfallen nach einem Jahr<\/p>\n<p><\/p>\n<p>Um einen reibungslosen Ablauf zu gew\u00e4hrleisten, verwenden wir ein tempor\u00e4res Cookie, um zu pr\u00fcfen, ob Ihr Browser Cookies akzeptiert. Dieses Cookie speichert keine pers\u00f6nlichen Informationen und wird gel\u00f6scht, wenn Sie Ihren Browser schlie\u00dfen.<\/p>\n<p><\/p>\n<p>Wenn Sie sich anmelden, verwenden wir Cookies, um Ihre Anmeldedaten und Anzeigeeinstellungen zu speichern. Anmelde-Cookies verfallen in der Regel nach zwei Tagen. Wenn Sie die Option \"Remember Me\" w\u00e4hlen, bleibt Ihre Anmeldung zwei Wochen lang erhalten. Sobald Sie sich abmelden, werden diese Cookies entfernt.<\/p>\n<p><\/p>\n<p>Wenn Sie einen Artikel bearbeiten oder ver\u00f6ffentlichen, wird ein tempor\u00e4rer Cookie verwendet, um die Post-ID zu verfolgen. Dieses Cookie speichert keine pers\u00f6nlichen Daten und l\u00e4uft nach einem Tag ab.<\/p>\n<p><\/p>\n<h2 class=\"wp-block-heading\">Von externen Quellen eingebettete Inhalte<\/h2>\n<p><\/p>\n<p>Diese Website kann eingebettete Inhalte von anderen Websites enthalten, wie z. B. Videos oder Bilder. Wenn Sie diese eingebetteten Inhalte ansehen, funktioniert das so, als ob Sie die Quell-Website direkt besuchen w\u00fcrden.<\/p>\n<p><\/p>\n<p>Websites, die eingebettete Inhalte anbieten, k\u00f6nnen Daten \u00fcber Sie sammeln, Cookies verwenden und zus\u00e4tzliche Tracking-Tools einbetten. Sie k\u00f6nnen auch Ihre Interaktion mit den eingebetteten Inhalten verfolgen, insbesondere wenn Sie ein Konto auf der Website haben und angemeldet sind.<\/p>\n<p><\/p>\n<h2 class=\"wp-block-heading\">Mit wem teilen wir Ihre Daten?<\/h2>\n<p><\/p>\n<p>Um Ihre Identit\u00e4t zu \u00fcberpr\u00fcfen, wird Ihre IP-Adresse in der E-Mail zum Zur\u00fccksetzen des Passworts angegeben.<\/p>\n<p><\/p>\n<h2 class=\"wp-block-heading\">Wie lange werden wir Ihre Daten speichern?<\/h2>\n<p><\/p>\n<p>Um das Kommentieren zu erleichtern, speichern wir Ihre Kommentare und die dazugeh\u00f6rigen Informationen. Auf diese Weise k\u00f6nnen wir zuk\u00fcnftige Kommentare von Ihnen automatisch genehmigen, sodass Sie nicht auf die Moderation warten m\u00fcssen.<\/p>\n<p><\/p>\n<p>Wenn Sie ein Konto auf unserer Website erstellen, k\u00f6nnen Sie Ihre pers\u00f6nlichen Daten verwalten. Sie k\u00f6nnen sie jederzeit einsehen, bearbeiten oder l\u00f6schen, mit Ausnahme Ihres Benutzernamens. Unsere Website-Administratoren k\u00f6nnen ebenfalls auf diese Informationen zugreifen<\/p>\n<p><\/p>\n<h2 class=\"wp-block-heading\">Welche Rechte haben Sie als Eigent\u00fcmer Ihrer Daten?<\/h2>\n<p><\/p>\n<p>Wenn Sie ein Konto haben oder auf unserer Website einen Kommentar abgegeben haben, k\u00f6nnen Sie uns bitten, Ihnen eine Kopie Ihrer pers\u00f6nlichen Daten zur Verf\u00fcgung zu stellen oder diese zu l\u00f6schen. Bitte beachten Sie, dass wir einige Informationen aus rechtlichen Gr\u00fcnden aufbewahren m\u00fcssen<\/p>\n<p><\/p>\n<h2 class=\"wp-block-heading\">Wohin Ihre Daten gesendet werden<\/h2>\n<p><\/p>\n<p>Um unsere Website vor Spam zu sch\u00fctzen, verwenden wir automatische Software zur \u00dcberpr\u00fcfung von Besucherkommentaren.<\/p>\n<p><\/p>\t\t\t\t\t\t\t\t<\/div>\n\t\t\t\t<\/div>\n\t\t\t\t\t<\/div>\n\t\t\t\t<\/div>\n\t\t\t\t<\/div>","protected":false},"excerpt":{"rendered":"<p>Wer wir sind Unsere Website-Adresse lautet: http:\/\/bestsolarlight.com. Kommentare Wenn Sie einen Kommentar hinterlassen, erfassen wir die von Ihnen eingegebenen Informationen<\/p>","protected":false},"author":1,"featured_media":0,"parent":0,"menu_order":0,"comment_status":"closed","ping_status":"open","template":"elementor_header_footer","meta":{"_acf_changed":false,"footnotes":""},"class_list":["post-3","page","type-page","status-publish","hentry"],"acf":[],"_links":{"self":[{"href":"https:\/\/bestsolarlight.com\/de\/wp-json\/wp\/v2\/pages\/3","targetHints":{"allow":["GET"]}}],"collection":[{"href":"https:\/\/bestsolarlight.com\/de\/wp-json\/wp\/v2\/pages"}],"about":[{"href":"https:\/\/bestsolarlight.com\/de\/wp-json\/wp\/v2\/types\/page"}],"author":[{"embeddable":true,"href":"https:\/\/bestsolarlight.com\/de\/wp-json\/wp\/v2\/users\/1"}],"replies":[{"embeddable":true,"href":"https:\/\/bestsolarlight.com\/de\/wp-json\/wp\/v2\/comments?post=3"}],"version-history":[{"count":0,"href":"https:\/\/bestsolarlight.com\/de\/wp-json\/wp\/v2\/pages\/3\/revisions"}],"wp:attachment":[{"href":"https:\/\/bestsolarlight.com\/de\/wp-json\/wp\/v2\/media?parent=3"}],"curies":[{"name":"wp","href":"https:\/\/api.w.org\/{rel}","templated":true}]}}